{"id":1008,"date":"2018-06-05T23:39:48","date_gmt":"2018-06-05T21:39:48","guid":{"rendered":"http:\/\/kon-tra.de\/wordpress\/?page_id=1008"},"modified":"2023-02-27T19:16:38","modified_gmt":"2023-02-27T18:16:38","slug":"impressum","status":"publish","type":"page","link":"http:\/\/kon-tra.de\/wordpress\/kontakt\/impressum\/","title":{"rendered":"Impressum"},"content":{"rendered":"<div class=\"entry-content\">\n<article id=\"post-137\" class=\"post-137 page type-page status-publish hentry\">\n<div class=\"entry-content\">\n<div class=\"entry-content\">\n<h2><span style=\"font-family: helvetica, arial, sans-serif; font-size: 12pt;\"><strong><span style=\"color: #800000;\">Angaben gem\u00e4\u00df \u00a7 5 TMG:<\/span><\/strong><\/span><\/h2>\n<p><span style=\"color: #333333; font-family: helvetica, arial, sans-serif; font-size: 12pt;\">Name: Kon-Tra<\/span><\/p>\n<p><span style=\"color: #333333; font-family: helvetica, arial, sans-serif; font-size: 12pt;\">Inhaber: Harald Hasen\u00f6hrl<\/span><\/p>\n<p><span style=\"color: #333333; font-family: helvetica, arial, sans-serif; font-size: 12pt;\">Adresse: Hauptstra\u00dfe 6, 76835 Burrweiler<\/span><\/p>\n<p><span style=\"color: #333333; font-family: helvetica, arial, sans-serif; font-size: 12pt;\">USt-ID-Nr:\u00a0 DE 255904123<\/span><\/p>\n<h2><span style=\"font-family: helvetica, arial, sans-serif; font-size: 12pt;\"><strong><span style=\"color: #800000;\">Kontakt:<\/span><\/strong><\/span><\/h2>\n<p><span style=\"color: #333333; font-family: helvetica, arial, sans-serif; font-size: 12pt;\">Telefon: +49 (0)6345-9596855<\/span><br \/>\n<span style=\"color: #333333; font-family: helvetica, arial, sans-serif; font-size: 12pt;\"> E-Mail: info@kon-tra.de<\/span><\/p>\n<h2><span style=\"font-family: helvetica, arial, sans-serif; font-size: 12pt;\"><strong><span style=\"color: #800000;\">Angaben zur Betriebshaftpflichtversicherung<\/span><\/strong><\/span><\/h2>\n<p><span style=\"color: #333333; font-family: helvetica, arial, sans-serif; font-size: 12pt;\">Name und Sitz des Versicherers:<\/span><br \/>\n<span style=\"color: #333333; font-family: helvetica, arial, sans-serif; font-size: 12pt;\"> Haftpflichtkasse Darmstadt<\/span><br \/>\n<span style=\"color: #333333; font-family: helvetica, arial, sans-serif; font-size: 12pt;\"> Postfach 11 26<\/span><br \/>\n<span style=\"color: #333333; font-family: helvetica, arial, sans-serif; font-size: 12pt;\"> 64373 Ro\u00dfdorf<\/span><\/p>\n<p><span style=\"color: #333333; font-family: helvetica, arial, sans-serif; font-size: 12pt;\">Geltungsraum der Versicherung: Deutschland und Auslandsdeckung<\/span><\/p>\n<h2><span style=\"font-family: helvetica, arial, sans-serif; font-size: 12pt;\"><strong><span style=\"color: #800000;\">Streitschlichtung<\/span><\/strong><\/span><\/h2>\n<p><span style=\"color: #333333; font-family: helvetica, arial, sans-serif; font-size: 12pt;\">Die Europ\u00e4ische Kommission stellt eine Plattform zur Online-Streitbeilegung (OS) bereit: <a style=\"color: #333333;\" href=\"https:\/\/ec.europa.eu\/consumers\/odr\" target=\"_blank\" rel=\"noopener noreferrer\">https:\/\/ec.europa.eu\/consumers\/odr<\/a>.<\/span><br \/>\n<span style=\"color: #333333; font-family: helvetica, arial, sans-serif; font-size: 12pt;\"> Unsere E-Mail-Adresse finden Sie oben im Impressum.<\/span><\/p>\n<p><span style=\"color: #333333; font-family: helvetica, arial, sans-serif; font-size: 12pt;\">Wir sind nicht bereit oder verpflichtet, an Streitbeilegungsverfahren vor einer Verbraucherschlichtungsstelle teilzunehmen.<\/span><\/p>\n<h3><span style=\"font-family: helvetica, arial, sans-serif; font-size: 12pt;\"><strong><span style=\"color: #800000;\">Haftung f\u00fcr Inhalte<\/span><\/strong><\/span><\/h3>\n<p><span style=\"color: #333333; font-family: helvetica, arial, sans-serif; font-size: 12pt;\">Als Diensteanbieter sind wir gem\u00e4\u00df \u00a7 7 Abs.1 TMG f\u00fcr eigene Inhalte auf diesen Seiten nach den allgemeinen Gesetzen verantwortlich. Nach \u00a7\u00a7 8 bis 10 TMG sind wir als Diensteanbieter jedoch nicht verpflichtet, \u00fcbermittelte oder gespeicherte fremde Informationen zu \u00fcberwachen oder nach Umst\u00e4nden zu forschen, die auf eine rechtswidrige T\u00e4tigkeit hinweisen.<\/span><\/p>\n<p><span style=\"color: #333333; font-family: helvetica, arial, sans-serif; font-size: 12pt;\">Verpflichtungen zur Entfernung oder Sperrung der Nutzung von Informationen nach den allgemeinen Gesetzen bleiben hiervon unber\u00fchrt. Eine diesbez\u00fcgliche Haftung ist jedoch erst ab dem Zeitpunkt der Kenntnis einer konkreten Rechtsverletzung m\u00f6glich. Bei Bekanntwerden von entsprechenden Rechtsverletzungen werden wir diese Inhalte umgehend entfernen.<\/span><\/p>\n<h3><span style=\"font-family: helvetica, arial, sans-serif; font-size: 12pt;\"><strong><span style=\"color: #800000;\">Haftung f\u00fcr Links<\/span><\/strong><\/span><\/h3>\n<p><span style=\"color: #333333; font-family: helvetica, arial, sans-serif; font-size: 12pt;\">Unser Angebot enth\u00e4lt Links zu externen Websites Dritter, auf deren Inhalte wir keinen Einfluss haben. Deshalb k\u00f6nnen wir f\u00fcr diese fremden Inhalte auch keine Gew\u00e4hr \u00fcbernehmen. F\u00fcr die Inhalte der verlinkten Seiten ist stets der jeweilige Anbieter oder Betreiber der Seiten verantwortlich. Die verlinkten Seiten wurden zum Zeitpunkt der Verlinkung auf m\u00f6gliche Rechtsverst\u00f6\u00dfe \u00fcberpr\u00fcft. Rechtswidrige Inhalte waren zum Zeitpunkt der Verlinkung nicht erkennbar.<\/span><\/p>\n<p><span style=\"color: #333333; font-family: helvetica, arial, sans-serif; font-size: 12pt;\">Eine permanente inhaltliche Kontrolle der verlinkten Seiten ist jedoch ohne konkrete Anhaltspunkte einer Rechtsverletzung nicht zumutbar. Bei Bekanntwerden von Rechtsverletzungen werden wir derartige Links umgehend entfernen.<\/span><\/p>\n<h3><span style=\"font-family: helvetica, arial, sans-serif; font-size: 12pt;\"><strong><span style=\"color: #800000;\">Urheberrecht<\/span><\/strong><\/span><\/h3>\n<p><span style=\"color: #333333; font-family: helvetica, arial, sans-serif; font-size: 12pt;\">Die durch die Seitenbetreiber erstellten Inhalte und Werke auf diesen Seiten unterliegen dem deutschen Urheberrecht. Die Vervielf\u00e4ltigung, Bearbeitung, Verbreitung und jede Art der Verwertung au\u00dferhalb der Grenzen des Urheberrechtes bed\u00fcrfen der schriftlichen Zustimmung des jeweiligen Autors bzw. Erstellers. Downloads und Kopien dieser Seite sind nur f\u00fcr den privaten, nicht kommerziellen Gebrauch gestattet.<\/span><\/p>\n<p><span style=\"color: #333333; font-family: helvetica, arial, sans-serif; font-size: 12pt;\">Soweit die Inhalte auf dieser Seite nicht vom Betreiber erstellt wurden, werden die Urheberrechte Dritter beachtet. Insbesondere werden Inhalte Dritter als solche gekennzeichnet. Sollten Sie trotzdem auf eine Urheberrechtsverletzung aufmerksam werden, bitten wir um einen entsprechenden Hinweis. Bei Bekanntwerden von Rechtsverletzungen werden wir derartige Inhalte umgehend entfernen.<\/span><\/p>\n<p>&nbsp;<\/p>\n<h3><span style=\"font-family: helvetica, arial, sans-serif; font-size: 12pt;\"><strong><span style=\"color: #800000;\">Bildnachweise:<\/span><\/strong><\/span><\/h3>\n<p><span style=\"color: #333333; font-family: helvetica, arial, sans-serif; font-size: 12pt;\">Urheber:<\/span><br \/>\n<span style=\"color: #333333; font-family: helvetica, arial, sans-serif; font-size: 12pt;\"> Urhebernachweise \u2013 alle gekauften Bilder wurden \u00fcber lizenziert!<\/span><\/p>\n<p>&nbsp;<\/p>\n<p>&nbsp;<\/p>\n<h1><span style=\"font-family: helvetica, arial, sans-serif; font-size: 12pt;\"><strong><span style=\"color: #800000;\">Site Notice<\/span><\/strong><\/span><\/h1>\n<h2><span style=\"font-family: helvetica, arial, sans-serif; font-size: 12pt;\"><strong><span style=\"color: #800000;\">Information provided according to Sec. 5 German Telemedia Act (TMG):<\/span><\/strong><\/span><\/h2>\n<p><span style=\"color: #333333; font-family: helvetica, arial, sans-serif; font-size: 12pt;\">Name:\u00a0 Kon-Tra<\/span><\/p>\n<p><span style=\"color: #333333; font-family: helvetica, arial, sans-serif; font-size: 12pt;\">Inhaber:\u00a0 Harald Hasen\u00f6hrl<\/span><\/p>\n<p><span style=\"color: #333333; font-family: helvetica, arial, sans-serif; font-size: 12pt;\">Adresse:\u00a0 Hauptstra\u00dfe 6, 76835 Burrweiler, Germany<\/span><\/p>\n<p><span style=\"color: #333333; font-family: helvetica, arial, sans-serif; font-size: 12pt;\">USt-ID-Nr:\u00a0 DE 255904123<\/span><\/p>\n<h2><span style=\"font-family: helvetica, arial, sans-serif; font-size: 12pt;\"><strong><span style=\"color: #800000;\">Contact:<\/span><\/strong><\/span><\/h2>\n<p><span style=\"color: #333333; font-family: helvetica, arial, sans-serif; font-size: 12pt;\">Telefon: +49 (0)6345-9596855<\/span><br \/>\n<span style=\"color: #333333; font-family: helvetica, arial, sans-serif; font-size: 12pt;\"> E-Mail: info@kon-tra.de<\/span><\/p>\n<h2><span style=\"font-family: helvetica, arial, sans-serif; font-size: 12pt;\"><strong><span style=\"color: #800000;\">Information concerning professional indemnity insurance:<\/span><\/strong><\/span><\/h2>\n<p><span style=\"color: #333333; font-family: helvetica, arial, sans-serif; font-size: 12pt;\">Name and residence of insurer:<\/span><br \/>\n<span style=\"color: #333333; font-family: helvetica, arial, sans-serif; font-size: 12pt;\"> Haftpflichtkasse Darmstadt<\/span><br \/>\n<span style=\"color: #333333; font-family: helvetica, arial, sans-serif; font-size: 12pt;\"> Postfach 11 26<\/span><br \/>\n<span style=\"color: #333333; font-family: helvetica, arial, sans-serif; font-size: 12pt;\"> 64373 Ro\u00dfdorf<\/span><br \/>\n<span style=\"color: #333333; font-family: helvetica, arial, sans-serif; font-size: 12pt;\"> Germany<\/span><\/p>\n<p><span style=\"color: #333333; font-family: helvetica, arial, sans-serif; font-size: 12pt;\">Scope of insurance: Deutschland und Auslandsdeckung<\/span><\/p>\n<h2><span style=\"font-family: helvetica, arial, sans-serif; font-size: 12pt;\"><strong><span style=\"color: #800000;\">Dispute resolution<\/span><\/strong><\/span><\/h2>\n<p><span style=\"color: #333333; font-family: helvetica, arial, sans-serif; font-size: 12pt;\">The European Commission provides a platform for online dispute resolution (OS): <a style=\"color: #333333;\" href=\"https:\/\/ec.europa.eu\/consumers\/odr\" target=\"_blank\" rel=\"noopener noreferrer\">https:\/\/ec.europa.eu\/consumers\/odr<\/a>.<\/span><br \/>\n<span style=\"color: #333333; font-family: helvetica, arial, sans-serif; font-size: 12pt;\"> Please find our email in the impressum\/legal notice.<\/span><\/p>\n<p><span style=\"color: #333333; font-family: helvetica, arial, sans-serif; font-size: 12pt;\">We do not take part in online dispute resolutions at consumer arbitration boards.<\/span><\/p>\n<h3><span style=\"font-family: helvetica, arial, sans-serif; font-size: 12pt;\"><strong><span style=\"color: #800000;\">Liability for Contents<\/span><\/strong><\/span><\/h3>\n<p><span style=\"color: #333333; font-family: helvetica, arial, sans-serif; font-size: 12pt;\">As service providers, we are liable for own contents of these websites according to Sec. 7, paragraph 1 German Telemedia Act (TMG). However, according to Sec. 8 to 10 German Telemedia Act (TMG), service providers are not obligated to permanently monitor submitted or stored information or to search for evidences that indicate illegal activities.<\/span><\/p>\n<p><span style=\"color: #333333; font-family: helvetica, arial, sans-serif; font-size: 12pt;\">Legal obligations to removing information or to blocking the use of information remain unchallenged. In this case, liability is only possible at the time of knowledge about a specific violation of law. Illegal contents will be removed immediately at the time we get knowledge of them.<\/span><\/p>\n<h3><span style=\"font-family: helvetica, arial, sans-serif; font-size: 12pt;\"><strong><span style=\"color: #800000;\">Liability for Links<\/span><\/strong><\/span><\/h3>\n<p><span style=\"color: #333333; font-family: helvetica, arial, sans-serif; font-size: 12pt;\">Our offer includes links to external third party websites. We have no influence on the contents of those websites, therefore we cannot guarantee for those contents. Providers or administrators of linked websites are always responsible for their own contents.<\/span><\/p>\n<p><span style=\"color: #333333; font-family: helvetica, arial, sans-serif; font-size: 12pt;\">The linked websites had been checked for possible violations of law at the time of the establishment of the link. Illegal contents were not detected at the time of the linking. A permanent monitoring of the contents of linked websites cannot be imposed without reasonable indications that there has been a violation of law. Illegal links will be removed immediately at the time we get knowledge of them.<\/span><\/p>\n<h3><span style=\"font-family: helvetica, arial, sans-serif; font-size: 12pt;\"><strong><span style=\"color: #800000;\">Copyright<\/span><\/strong><\/span><\/h3>\n<p><span style=\"color: #333333; font-family: helvetica, arial, sans-serif; font-size: 12pt;\">Contents and compilations published on these websites by the providers are subject to German copyright laws. Reproduction, editing, distribution as well as the use of any kind outside the scope of the copyright law require a written permission of the author or originator. Downloads and copies of these websites are permitted for private use only.<\/span><br \/>\n<span style=\"color: #333333; font-family: helvetica, arial, sans-serif; font-size: 12pt;\"> The commercial use of our contents without permission of the originator is prohibited.<\/span><\/p>\n<p><span style=\"color: #333333; font-family: helvetica, arial, sans-serif; font-size: 12pt;\">Copyright laws of third parties are respected as long as the contents on these websites do not originate from the provider. Contributions of third parties on this site are indicated as such. However, if you notice any violations of copyright law, please inform us. Such contents will be removed immediately.<\/span><\/p>\n<\/div>\n<\/div>\n<\/article>\n<\/div>\n","protected":false},"excerpt":{"rendered":"<p>Angaben gem\u00e4\u00df \u00a7 5 TMG: Name: Kon-Tra Inhaber: Harald Hasen\u00f6hrl Adresse: Hauptstra\u00dfe 6, 76835 Burrweiler USt-ID-Nr:\u00a0 DE 255904123 Kontakt: Telefon: +49 (0)6345-9596855 E-Mail: info@kon-tra.de Angaben zur Betriebshaftpflichtversicherung Name und Sitz des Versicherers: Haftpflichtkasse Darmstadt Postfach 11 26 64373 Ro\u00dfdorf Geltungsraum der Versicherung: Deutschland und Auslandsdeckung Streitschlichtung Die Europ\u00e4ische Kommission stellt eine Plattform zur Online-Streitbeilegung (OS)&#8230;<\/p>\n","protected":false},"author":1,"featured_media":1113,"parent":109,"menu_order":4,"comment_status":"closed","ping_status":"open","template":"fullwidth.php","meta":[],"_links":{"self":[{"href":"http:\/\/kon-tra.de\/wordpress\/wp-json\/wp\/v2\/pages\/1008"}],"collection":[{"href":"http:\/\/kon-tra.de\/wordpress\/wp-json\/wp\/v2\/pages"}],"about":[{"href":"http:\/\/kon-tra.de\/wordpress\/wp-json\/wp\/v2\/types\/page"}],"author":[{"embeddable":true,"href":"http:\/\/kon-tra.de\/wordpress\/wp-json\/wp\/v2\/users\/1"}],"replies":[{"embeddable":true,"href":"http:\/\/kon-tra.de\/wordpress\/wp-json\/wp\/v2\/comments?post=1008"}],"version-history":[{"count":10,"href":"http:\/\/kon-tra.de\/wordpress\/wp-json\/wp\/v2\/pages\/1008\/revisions"}],"predecessor-version":[{"id":1358,"href":"http:\/\/kon-tra.de\/wordpress\/wp-json\/wp\/v2\/pages\/1008\/revisions\/1358"}],"up":[{"embeddable":true,"href":"http:\/\/kon-tra.de\/wordpress\/wp-json\/wp\/v2\/pages\/109"}],"wp:featuredmedia":[{"embeddable":true,"href":"http:\/\/kon-tra.de\/wordpress\/wp-json\/wp\/v2\/media\/1113"}],"wp:attachment":[{"href":"http:\/\/kon-tra.de\/wordpress\/wp-json\/wp\/v2\/media?parent=1008"}],"curies":[{"name":"wp","href":"https:\/\/api.w.org\/{rel}","templated":true}]}}