{"id":1016,"date":"2018-06-05T23:43:55","date_gmt":"2018-06-05T21:43:55","guid":{"rendered":"http:\/\/kon-tra.de\/wordpress\/?page_id=1016"},"modified":"2021-04-09T01:26:16","modified_gmt":"2021-04-08T23:26:16","slug":"agbs","status":"publish","type":"page","link":"http:\/\/kon-tra.de\/wordpress\/kontakt\/agbs\/","title":{"rendered":"AGBS"},"content":{"rendered":"<div class=\"entry-content\">\n<div class=\"entry-content\">\n<h2><span style=\"color: #800000; font-family: helvetica, arial, sans-serif; font-size: 14pt;\"><em><strong>Die Allgemeinen Gesch\u00e4ftsbedingungen (AGB\u2019s)<\/strong><\/em><\/span><\/h2>\n<p><span style=\"color: #800000; font-family: helvetica, arial, sans-serif; font-size: 12pt;\"><em><strong>Anmeldung<\/strong><\/em><\/span><br \/>\n<span style=\"color: #000000; font-family: helvetica, arial, sans-serif; font-size: 12pt;\">Die Anmeldung muss in schriftlicher Form erfolgen. Mit der Anmeldung werden diese Gesch\u00e4ftsbedingungen anerkannt. Ihre Anmeldung ist wirksam nach Erhalt unserer Anmeldebest\u00e4tigung oder Rechnung. Da die Teilnehmerzahl f\u00fcr die Workshops, Kurse, Seminare begrenzt ist, erfolgt die Ber\u00fccksichtigung der Anmeldungen in der Reihenfolge ihres Eingangs.<\/span><\/p>\n<p><span style=\"color: #800000; font-family: helvetica, arial, sans-serif; font-size: 12pt;\"><em><strong>Teilnahmevoraussetzungen<\/strong><\/em><\/span><br \/>\n<span style=\"color: #000000; font-family: helvetica, arial, sans-serif; font-size: 12pt;\">Die unter den einzelnen Workshops, Kurse und Seminare angegebenen Teilnahmevoraussetzungen sind verbindlich und m\u00fcssen auf jeden Fall eingehalten werden.<\/span><\/p>\n<p><span style=\"color: #800000; font-family: helvetica, arial, sans-serif; font-size: 12pt;\"><em><strong>Teilnahmeausschlu\u00df<\/strong><\/em><\/span><br \/>\n<span style=\"color: #000000; font-family: helvetica, arial, sans-serif; font-size: 12pt;\">Ein Teilnehmer kann von einer Veranstaltung ausgeschlossen werden, wenn er vors\u00e4tzlich oder grob fahrl\u00e4ssig gegen seine Teilnehmerverpflichtungen verst\u00f6\u00dft; er hat einen gegebenenfalls zu verantwortenden Schaden vollst\u00e4ndig zu ersetzen und ggf. Schadensersatz zu leisten. Im Falle eines solchen Ausschlusses hat der Teilnehmer keinen Anspruch auf R\u00fcckzahlung bereits entrichteter\u00c2\u00a0Teilnahmegeb\u00fchren. Gerichtsstand ist der Sitz des Veranstalters.<\/span><\/p>\n<p><span style=\"color: #800000; font-family: helvetica, arial, sans-serif; font-size: 12pt;\"><strong><em>Zahlungen<\/em><\/strong><\/span><br \/>\n<span style=\"color: #000000; font-family: helvetica, arial, sans-serif; font-size: 12pt;\">Die Geb\u00fchren f\u00fcr die Workshops, Kurse, Seminare und Coachings werden mit der Anmeldung f\u00e4llig. Eine nur zeitweise Teilnahme an unseren Veranstaltungen berechtigt Sie nicht zur R\u00fcckforderung der Geb\u00fchr bzw. eines Geb\u00fchrenanteils.<\/span><\/p>\n<p><span style=\"color: #800000; font-family: helvetica, arial, sans-serif; font-size: 12pt;\"><strong><em>R\u00fccktritt und R\u00fccktrittsgeb\u00fchren<\/em><\/strong><\/span><br \/>\n<span style=\"color: #000000; font-family: helvetica, arial, sans-serif; font-size: 12pt;\">Sie k\u00f6nnen Ihre Anmeldung schriftlich bis 21 Tage vor Durchf\u00fchrung (dabei wird der Tag des Veranstaltungsbeginns nicht mitgerechnet) ohne Angaben von Gr\u00fcnden kostenfrei stornieren. Bei R\u00fccktritt bis zu 14 Tagen vor Durchf\u00fchrung werden 50 % der Gesamtgeb\u00fchren als Bearbeitungsgeb\u00fchr berechnet, bei sp\u00e4terer Absage bzw. Nicht-Antritt ist die Geb\u00fchr in voller H\u00f6he zu zahlen bzw. kann nicht mehr zur\u00fcckerstattet werden. Ma\u00dfgebend ist der Eingang der ausdr\u00fccklichen R\u00fccktrittserkl\u00e4rung. Sie k\u00f6nnen gerne einen Ersatzteilnehmer benennen, wenn dieser die Teilnahmevoraussetzungen erf\u00fcllt.<\/span><\/p>\n<p><span style=\"color: #800000; font-family: helvetica, arial, sans-serif; font-size: 12pt;\"><strong><em>Vorbehalt \/ Absage \/ Terminverschiebungen<\/em><\/strong><\/span><br \/>\n<span style=\"color: #000000; font-family: helvetica, arial, sans-serif; font-size: 12pt;\">Finden die Workshops, Kurse, Seminare und Coachings mangels ausreichender Teilnehmerzahl nicht statt oder m\u00fcssen aus dringenden Gr\u00fcnden verschoben werden, werden Sie unverz\u00fcglich benachrichtigt. Eine bereits geleistete Zahlung werden wir Ihnen umgehend zur\u00fcckerstatten. Weitergehende Anspr\u00fcche k\u00f6nnen daraus nicht abgeleitet werden.<\/span><\/p>\n<p><span style=\"color: #800000; font-family: helvetica, arial, sans-serif; font-size: 12pt;\"><strong><em>Haftung<\/em><\/strong><\/span><br \/>\n<span style=\"color: #000000; font-family: helvetica, arial, sans-serif; font-size: 12pt;\">Jeder Teilnehmer ist w\u00e4hrend der Workshops, Kurse, Seminare und Coachings f\u00fcr das, was er tut oder unterl\u00e4sst, selbst verantwortlich; die Teilnahme erfolgt auf eigene Gefahr. In den Workshops, Kurse, Seminare und Coachings werden die Informationen und \u00dcbungen so gestaltet, dass bei erf\u00fcllten Teilnahmevoraussetzungen sowie entsprechender Aufmerksamkeit die Veranstaltungsziele erreicht werden k\u00f6nnen. F\u00fcr den Schulungserfolg haften wir jedoch nicht. \u201cgesund&amp;stressfrei\u201d haftet f\u00fcr eigenes Verschulden und das Verschulden seiner Erf\u00fcllungsgehilfen nur im Falle von\u00c2\u00a0Vorsatz und grober Fahrl\u00e4ssigkeit. Eine dar\u00fcber hin ausgehende Haftung \u2013 gleichg\u00fcltig aus welchem Rechtsgrund \u2013 ist ausgeschlossen.<\/span><\/p>\n<p><span style=\"color: #800000; font-family: helvetica, arial, sans-serif; font-size: 12pt;\"><strong><em>Skripte und Unterlagen<\/em><\/strong><\/span><br \/>\n<span style=\"color: #000000; font-family: helvetica, arial, sans-serif; font-size: 12pt;\">Die in der Geb\u00fchr evtl. enthalten Unterlagen d\u00fcrfen \u2013 auch auszugsweise \u2013 nur mit schriftlicher Genehmigung vervielf\u00e4ltigt oder f\u00fcr die Abhaltung von Veranstaltungen verwendet werden.<\/span><\/p>\n<p><span style=\"color: #800000; font-family: helvetica, arial, sans-serif; font-size: 12pt;\"><strong><em>Preis\u00e4nderungen<\/em><\/strong><\/span><br \/>\n<span style=\"color: #000000; font-family: helvetica, arial, sans-serif; font-size: 12pt;\">\u201cKon-Tra\u201d beh\u00e4lt sich das Recht vor, Geb\u00fchren\u00e4nderungen vorzunehmen.<\/span><\/p>\n<p><span style=\"color: #800000; font-family: helvetica, arial, sans-serif; font-size: 12pt;\"><strong><em>Daten<\/em><\/strong><\/span><br \/>\n<span style=\"color: #000000; font-family: helvetica, arial, sans-serif; font-size: 12pt;\">Ihre Daten werden f\u00fcr interne Zwecke elektronisch gespeichert.<\/span><\/p>\n<p><span style=\"color: #800000; font-family: helvetica, arial, sans-serif; font-size: 12pt;\"><strong><em>Wirkung<\/em><\/strong><\/span><br \/>\n<span style=\"color: #000000; font-family: helvetica, arial, sans-serif; font-size: 12pt;\">Sollte eine Bestimmung dieser Teilnahmebedingungen unwirksam oder anfechtbar sein, so bleiben die \u00fcbrigen Bestimmungen davon unber\u00fchrt.<\/span><\/p>\n<p><span style=\"color: #800000; font-family: helvetica, arial, sans-serif; font-size: 12pt;\"><strong><em>Eine gro\u00dfe Bitte zum Schlu\u00df !<\/em><\/strong><\/span><br \/>\n<span style=\"color: #000000; font-family: helvetica, arial, sans-serif; font-size: 12pt;\">Melden Sie sich fr\u00fchzeitig an. Das sichert Ihnen nicht nur Ihre Teilnahme, sondern erm\u00f6glicht eine bessere Organisation. Zudem werden die Workshops, Kurse, Seminare und Coachings bei unterschreiten der Mindestteilnehmerzahl unter Umst\u00e4nden wegen Ihrer sp\u00e4ten Buchung nicht durchgef\u00fchrt werden. Bedenken Sie das bei Ihrer Anmeldung. Dankesch\u00f6n.<\/span><\/p>\n<\/div>\n<\/div>\n<p><span style=\"color: #000000; font-family: helvetica, arial, sans-serif; font-size: 12pt;\"><strong>Harald Hasen\u00f6hrl<\/strong><\/span><br \/>\n<span style=\"color: #000000; font-family: helvetica, arial, sans-serif; font-size: 12pt;\"><strong> Hauptstra\u00dfe 6<br \/>\n76835 Burrweiler<br \/>\nTelefon: 0049-(0)6345-9596855<\/strong><\/span><br \/>\n<span style=\"font-family: helvetica, arial, sans-serif; font-size: 12pt;\"><strong><span style=\"color: #000000;\"> Email:<\/span> <span style=\"color: #000080;\">info@kon-tra.de<\/span><\/strong><a style=\"color: #800000;\" href=\"http:\/\/gesundheitspfad.de\/gesundheitspfad\/wp-content\/uploads\/2014\/02\/1.-Allgemeine-Gesch\u00e4ftsbedingungen.pdf\"><br \/>\n<\/a><\/span><\/p>\n","protected":false},"excerpt":{"rendered":"<p>Die Allgemeinen Gesch\u00e4ftsbedingungen (AGB\u2019s) Anmeldung Die Anmeldung muss in schriftlicher Form erfolgen. Mit der Anmeldung werden diese Gesch\u00e4ftsbedingungen anerkannt. Ihre Anmeldung ist wirksam nach Erhalt unserer Anmeldebest\u00e4tigung oder Rechnung. Da die Teilnehmerzahl f\u00fcr die Workshops, Kurse, Seminare begrenzt ist, erfolgt die Ber\u00fccksichtigung der Anmeldungen in der Reihenfolge ihres Eingangs. Teilnahmevoraussetzungen Die unter den einzelnen Workshops,&#8230;<\/p>\n","protected":false},"author":2,"featured_media":1113,"parent":109,"menu_order":7,"comment_status":"closed","ping_status":"open","template":"fullwidth.php","meta":[],"_links":{"self":[{"href":"http:\/\/kon-tra.de\/wordpress\/wp-json\/wp\/v2\/pages\/1016"}],"collection":[{"href":"http:\/\/kon-tra.de\/wordpress\/wp-json\/wp\/v2\/pages"}],"about":[{"href":"http:\/\/kon-tra.de\/wordpress\/wp-json\/wp\/v2\/types\/page"}],"author":[{"embeddable":true,"href":"http:\/\/kon-tra.de\/wordpress\/wp-json\/wp\/v2\/users\/2"}],"replies":[{"embeddable":true,"href":"http:\/\/kon-tra.de\/wordpress\/wp-json\/wp\/v2\/comments?post=1016"}],"version-history":[{"count":6,"href":"http:\/\/kon-tra.de\/wordpress\/wp-json\/wp\/v2\/pages\/1016\/revisions"}],"predecessor-version":[{"id":1360,"href":"http:\/\/kon-tra.de\/wordpress\/wp-json\/wp\/v2\/pages\/1016\/revisions\/1360"}],"up":[{"embeddable":true,"href":"http:\/\/kon-tra.de\/wordpress\/wp-json\/wp\/v2\/pages\/109"}],"wp:featuredmedia":[{"embeddable":true,"href":"http:\/\/kon-tra.de\/wordpress\/wp-json\/wp\/v2\/media\/1113"}],"wp:attachment":[{"href":"http:\/\/kon-tra.de\/wordpress\/wp-json\/wp\/v2\/media?parent=1016"}],"curies":[{"name":"wp","href":"https:\/\/api.w.org\/{rel}","templated":true}]}}