{"id":175,"date":"2014-02-23T14:48:21","date_gmt":"2014-02-23T12:48:21","guid":{"rendered":"http:\/\/kon-tra.de\/wordpress\/?page_id=175"},"modified":"2026-02-16T22:45:30","modified_gmt":"2026-02-16T21:45:30","slug":"ueber-mich","status":"publish","type":"page","link":"http:\/\/kon-tra.de\/wordpress\/kontakt\/ueber-mich\/","title":{"rendered":"\u00dcber mich"},"content":{"rendered":"<h3><span style=\"font-family: helvetica, arial, sans-serif; font-size: 12pt;\"><img loading=\"lazy\" class=\"size-medium wp-image-1356 alignright\" src=\"http:\/\/kon-tra.de\/wordpress\/wp-content\/uploads\/2021\/04\/20200726_195430-1-206x300.jpg\" alt=\"\" width=\"206\" height=\"300\" srcset=\"http:\/\/kon-tra.de\/wordpress\/wp-content\/uploads\/2021\/04\/20200726_195430-1-206x300.jpg 206w, http:\/\/kon-tra.de\/wordpress\/wp-content\/uploads\/2021\/04\/20200726_195430-1-700x1021.jpg 700w, http:\/\/kon-tra.de\/wordpress\/wp-content\/uploads\/2021\/04\/20200726_195430-1.jpg 702w\" sizes=\"(max-width: 206px) 100vw, 206px\" \/><span style=\"color: #800000;\"><strong>Mein Name ist H<span style=\"color: #800000;\">arald Hasen\u00f6hrl.<\/span><\/strong><\/span><\/span><\/h3>\n<p><span style=\"color: #000000; font-family: helvetica, arial, sans-serif; font-size: 12pt;\">Seit 36 Jahren begleite ich Kinder, Jugendliche und Erwachsene auf Ihrem Weg zu mehr Selbstvertrauen, Selbstsicherheit, Selbstbewusstsein und zu einem angemessenen Handeln in Konfliktsituationen im Alltag.<\/span><\/p>\n<p><span style=\"color: #000000; font-family: helvetica, arial, sans-serif; font-size: 12pt;\">Mein Konzept vereint Bewegung, Kommunikation, Konzentration, Kontakt und Spiel. Es f\u00f6rdert die soziale, k\u00f6rperliche, psychomotorische, geistige Entwicklung von Kindern und Jugendlichen.<br \/>\n<\/span><br \/>\n<span style=\"font-family: helvetica, arial, sans-serif; font-size: 12pt; color: #800000;\"><strong>Ich unterst\u00fctze Kinder, Jugendliche und Erwachsene auf ihrem Weg:<\/strong><\/span><br \/>\n<span style=\"font-family: helvetica, arial, sans-serif; font-size: 12pt; color: #000000;\"><span style=\"color: #800000;\"><strong>\u2022<\/strong> <\/span>die Anforderungen in KiTa, Schule, Beruf und Alltag leichter und stressfreier bew\u00e4ltigen zu k\u00f6nnen.<\/span><br \/>\n<span style=\"font-family: helvetica, arial, sans-serif; font-size: 12pt; color: #000000;\"><span style=\"color: #800000;\"><strong>\u2022<\/strong><\/span> selbstsicher und selbstbewusst aufzutreten sowie klare Grenzen zu setzen und diese zu kommunizieren.<strong><br \/>\n<span style=\"color: #800000;\">\u2022<\/span><\/strong> leichter und effektiver zu lernen sowie sich zu konzentrieren, f\u00fcr Schule und Beruf.<\/span><br \/>\n<span style=\"font-family: helvetica, arial, sans-serif; font-size: 12pt; color: #000000;\"><span style=\"color: #800000;\"><strong>\u2022<\/strong><\/span> den K\u00f6rper, die Gef\u00fchle und die Gedanken bewusster wahrzunehmen und sich mitzuteilen.<\/span><br \/>\n<span style=\"font-family: helvetica, arial, sans-serif; font-size: 12pt; color: #000000;\"><span style=\"color: #800000;\"><strong>\u2022<\/strong><\/span> die eigene Frustrationstoleranz zu erh\u00f6hen und positiv zu kommunizieren.<\/span><br \/>\n<span style=\"font-family: helvetica, arial, sans-serif; font-size: 12pt; color: #000000;\"><span style=\"color: #800000;\"><strong>\u2022<\/strong> <\/span>konstruktive L\u00f6sungen f\u00fcr ein miteinander zu finden, zu ihnen zu stehen, diese umzusetzen und zu leben.<\/span><br \/>\n<span style=\"font-family: helvetica, arial, sans-serif; font-size: 12pt; color: #000000;\"><span style=\"color: #800000;\"><strong>\u2022<\/strong><\/span> mit Aggressionen und Gewalt ad\u00e4quat umzugehen.<\/span><br \/>\n<span style=\"font-family: helvetica, arial, sans-serif; font-size: 12pt; color: #000000;\"><span style=\"color: #800000;\"><strong>\u2022<\/strong><\/span> in Situationen in denen Grenzen \u00fcberschritten werden, selbstsicher und angemessen zu reagieren und zu handeln.<\/span><br \/>\n<span style=\"font-family: helvetica, arial, sans-serif; font-size: 12pt; color: #000000;\"><span style=\"color: #800000;\"><strong>\u2022<\/strong><\/span> sich bei k\u00f6rperlichen \u00dcbergriffen konstruktiv wehren und sich effektiv verteidigen zu k\u00f6nnen.<\/span><\/p>\n<p><span style=\"color: #800000; font-family: helvetica, arial, sans-serif; font-size: 12pt;\"><strong>Meine Erfahrungen, mein Wissen, meine F\u00e4higkeiten kommen und entfalten sich aus 36 Jahren gelebter P\u00e4dagogik, u.a. aus den Bereichen:<\/strong><\/span><br \/>\n<span style=\"color: #333333; font-family: helvetica, arial, sans-serif; font-size: 12pt;\"><strong><span style=\"color: #800000;\">\u2022<\/span> <\/strong>J<span style=\"color: #000000;\">ugendhilfe \/ Sozialp\u00e4dagogische Familienhilfe \/ Heilp\u00e4dagogik.<\/span><\/span><br \/>\n<span style=\"color: #333333; font-family: helvetica, arial, sans-serif; font-size: 12pt;\"><strong><span style=\"color: #800000;\">\u2022\u00a0<\/span><\/strong><span style=\"color: #000000;\">Krisenintervention \/ Erlebnis- und Abenteuerp\u00e4dagogik in Deutschland, Frankreich und \u00d6sterreich.<\/span><\/span><br \/>\n<span style=\"color: #333333; font-family: helvetica, arial, sans-serif; font-size: 12pt;\"><strong><span style=\"color: #800000;\">\u2022<\/span> <\/strong><span style=\"color: #000000;\">Selbstbehauptungstrainer &amp; Konflikt- &amp; De-Eskalationstrainer.<\/span><\/span><br \/>\n<span style=\"color: #333333; font-family: helvetica, arial, sans-serif; font-size: 12pt;\"><strong><span style=\"color: #800000;\">\u2022\u00a0<\/span><\/strong><span style=\"color: #000000;\">Selbstbehauptungstrainings &amp; Gewaltpr\u00e4ventionsprojekte f\u00fcr Kinderg\u00e4rten, Kindertagesst\u00e4tten, Hort und Schulen.<\/span><\/span><br \/>\n<span style=\"color: #333333; font-family: helvetica, arial, sans-serif; font-size: 12pt;\"><strong><span style=\"color: #800000;\">\u2022<\/span> <\/strong><span style=\"color: #000000;\">Selbstbehauptungstrainings &amp; Gewaltpr\u00e4ventionsprojekte f\u00fcr Firmen.<\/span><\/span><br \/>\n<span style=\"color: #333333; font-family: helvetica, arial, sans-serif; font-size: 12pt;\"><strong><span style=\"color: #800000;\">\u2022<\/span> <\/strong><span style=\"color: #000000;\">Ausbildungsleiter und Weiterbildungsleiter f\u00fcr Selbstbehauptungstrainings.<\/span><\/span><\/p>\n<p><span style=\"font-family: helvetica, arial, sans-serif; font-size: 12pt;\"><strong><span style=\"color: #800000;\">Mein Weg im Bereich der Selbstverteidigung und der Kampfkunst seit 1993:<br \/>\n<\/span><\/strong><\/span><span style=\"font-family: helvetica, arial, sans-serif; font-size: 12pt;\"><span style=\"color: #800000;\"><strong>\u2022<\/strong><span style=\"color: #000000;\"> Selbstverteidigung &amp; WuShu-Kampfkunst bei He Lin, Meister Zhang Wan Fu, Zhang Ming Rong, Wu Jiang, Xuer Mai Jin, Meister Yu Chang Fu in China.<\/span><strong><br \/>\n\u2022 <\/strong><\/span>Selbstverteidigung \u2022 WuShu-Kampfkunst \u2022 Bewegungslehre bei Prof. Qingbo Sui in China, \u00d6sterreich und Deutschland.<\/span><br \/>\n<span style=\"font-family: helvetica, arial, sans-serif; font-size: 12pt;\"><span style=\"color: #800000;\"><strong>\u2022 <\/strong><\/span>Begr\u00fcnder und A<span style=\"color: #000000;\">usbildungsleiter von WuTai &#8211; Dao<\/span> &#8222;Der friedliche Krieger f\u00fcr Kinder, Jugendliche und Erwachsene&#8220;.<\/span><\/p>\n<p><span style=\"font-family: helvetica, arial, sans-serif; font-size: 12pt; color: #800000;\"><strong>China 1998<\/strong><\/span><br \/>\n<span style=\"font-family: helvetica, arial, sans-serif; font-size: 12pt;\"><span style=\"color: #800000;\"><strong>\u2022<\/strong> <\/span>Preissieger bei den Internat<span style=\"color: #000000;\">ional WuShu Cha<\/span>mpionship in Qingdao\/China 1998.<\/span><\/p>\n<p><span style=\"font-family: helvetica, arial, sans-serif; font-size: 12pt; color: #800000;\"><strong>Holland 2014<\/strong><\/span><br \/>\n<span style=\"font-family: helvetica, arial, sans-serif; font-size: 12pt;\"><span style=\"color: #800000;\"><strong>\u2022<\/strong><\/span> <span style=\"color: #000000;\">Europameisterschaften &#8222;WuShu &#8211; Fighting Venlo&#8220; 2014<\/span><\/span><br \/>\n<span style=\"font-family: helvetica, arial, sans-serif; font-size: 12pt; color: #000000;\">\u2013 1. Platz LiuHeBaFa Wasserstilboxen &#8222;Xing Yi Quan \u2022 Bagua Zhang \u2022 Tai Chi Chuan&#8220;<br \/>\n\u2013 1. Platz Wudang Schwert<\/span><br \/>\n<span style=\"font-family: helvetica, arial, sans-serif; font-size: 12pt; color: #000000;\">\u2013 1. Platz Tai Chi 24er Form<\/span><br \/>\n<span style=\"font-family: helvetica, arial, sans-serif; font-size: 12pt; color: #000000;\">\u2013 3. Platz Drachenstock<\/span><\/p>\n<p><span style=\"font-family: helvetica, arial, sans-serif; font-size: 12pt;\"><strong><span style=\"color: #800000;\">Gerne berate ich Sie pers\u00f6nlich.<\/span><br \/>\n<span style=\"color: #000000;\">Harald Hasen\u00f6hrl<\/span><\/strong><\/span><br \/>\n<span style=\"font-family: helvetica, arial, sans-serif; font-size: 12pt; color: #000000;\"><strong> Telefon: 06345- 9596855<\/strong><\/span><br \/>\n<span style=\"font-family: helvetica, arial, sans-serif; font-size: 12pt;\"><strong><span style=\"color: #000000;\"> Email:<\/span> <span style=\"color: #000080;\"><a style=\"color: #000080;\" href=\"mailto:info@kon-tra.de\">info@kon-tra.de<\/a><\/span><\/strong><\/span><\/p>\n","protected":false},"excerpt":{"rendered":"<p>Mein Name ist Harald Hasen\u00f6hrl. Seit 36 Jahren begleite ich Kinder, Jugendliche und Erwachsene auf Ihrem Weg zu mehr Selbstvertrauen, Selbstsicherheit, Selbstbewusstsein und zu einem angemessenen Handeln in Konfliktsituationen im Alltag. Mein Konzept vereint Bewegung, Kommunikation, Konzentration, Kontakt und Spiel. Es f\u00f6rdert die soziale, k\u00f6rperliche, psychomotorische, geistige Entwicklung von Kindern und Jugendlichen. Ich unterst\u00fctze Kinder,&#8230;<\/p>\n","protected":false},"author":1,"featured_media":1113,"parent":109,"menu_order":1,"comment_status":"closed","ping_status":"open","template":"fullwidth.php","meta":[],"_links":{"self":[{"href":"http:\/\/kon-tra.de\/wordpress\/wp-json\/wp\/v2\/pages\/175"}],"collection":[{"href":"http:\/\/kon-tra.de\/wordpress\/wp-json\/wp\/v2\/pages"}],"about":[{"href":"http:\/\/kon-tra.de\/wordpress\/wp-json\/wp\/v2\/types\/page"}],"author":[{"embeddable":true,"href":"http:\/\/kon-tra.de\/wordpress\/wp-json\/wp\/v2\/users\/1"}],"replies":[{"embeddable":true,"href":"http:\/\/kon-tra.de\/wordpress\/wp-json\/wp\/v2\/comments?post=175"}],"version-history":[{"count":11,"href":"http:\/\/kon-tra.de\/wordpress\/wp-json\/wp\/v2\/pages\/175\/revisions"}],"predecessor-version":[{"id":2661,"href":"http:\/\/kon-tra.de\/wordpress\/wp-json\/wp\/v2\/pages\/175\/revisions\/2661"}],"up":[{"embeddable":true,"href":"http:\/\/kon-tra.de\/wordpress\/wp-json\/wp\/v2\/pages\/109"}],"wp:featuredmedia":[{"embeddable":true,"href":"http:\/\/kon-tra.de\/wordpress\/wp-json\/wp\/v2\/media\/1113"}],"wp:attachment":[{"href":"http:\/\/kon-tra.de\/wordpress\/wp-json\/wp\/v2\/media?parent=175"}],"curies":[{"name":"wp","href":"https:\/\/api.w.org\/{rel}","templated":true}]}}