{"id":1769,"date":"2023-02-13T15:36:47","date_gmt":"2023-02-13T14:36:47","guid":{"rendered":"http:\/\/kon-tra.de\/wordpress\/?page_id=1769"},"modified":"2026-02-04T18:30:43","modified_gmt":"2026-02-04T17:30:43","slug":"projekt-tage","status":"publish","type":"page","link":"http:\/\/kon-tra.de\/wordpress\/selbstsicherheit\/projekt-tage\/","title":{"rendered":"Indoor &#038; Outdoor Projekte"},"content":{"rendered":"<p><span style=\"font-family: helvetica, arial, sans-serif; font-size: 12pt; color: #800000;\"><strong>Ihr wollt Projekt-Tage mit eurer Gruppe, eurer Klasse, eurem Team erleben, dann seid ihr hier genau richtig. F\u00fcr die Projekt-Tage in der Natur, im Wald oder in der Turnhalle ben\u00f6tigt ihr keine komplexe Ausr\u00fcstung.<\/strong><br \/>\n<\/span><span style=\"font-family: helvetica, arial, sans-serif; font-size: 12pt; color: #000000;\">Ihr ben\u00f6tigt eure Fantasie, sodass ihr euch in die Geschichten, in die Rollen und in die Themen der Projekt-Tage hineinversetzen k\u00f6nnt, eure H\u00e4nde, eure Kreativit\u00e4t, ein \u201eWir sind gemeinsam stark\u201c Gef\u00fchl, sowie Konzentration und Mut, um die Abenteuer zu erfahren und zu erleben. <\/span><span style=\"font-family: helvetica, arial, sans-serif; font-size: 12pt; color: #000000;\">Es geht darum, sich mit Freude und Achtsamkeit zu bewegen, seine Geschicklichkeit und F\u00e4higkeiten einzusetzen, Kreativit\u00e4t zu entfalten, Kooperationsf\u00e4higkeit zu schulen, die Sozialkompetenz zu f\u00f6rdern, das Selbstvertrauen und den Selbstwert zu st\u00e4rken.<br \/>\n<\/span><span style=\"font-family: helvetica, arial, sans-serif; font-size: 12pt; color: #000000;\"><strong><span style=\"color: #800000;\">\u00bb Und nebenbei werdet ihr sp\u00fcren, wie euer Selbstbewusstsein, euer Mut und eure Freude wachsen wird! \u00ab<\/span><\/strong><\/span><\/p>\n<p><strong><span style=\"color: #000000; font-family: helvetica, arial, sans-serif; font-size: 12pt;\">PDF-Datei: <a href=\"http:\/\/kon-tra.de\/wordpress\/wp-content\/uploads\/2025\/02\/Erlebnis-und-Naturpaedagogik-1.pdf\"><span style=\"color: #000080;\">Erlebnis- und Naturp\u00e4dagogik<\/span><\/a><br \/>\n<\/span><\/strong><\/p>\n<p><span style=\"font-family: helvetica, arial, sans-serif; font-size: 12pt; color: #800000;\"><strong>Sie suchen:<\/strong><\/span><br \/>\n<span style=\"font-family: helvetica, arial, sans-serif; font-size: 12pt; color: #000000;\"><strong><span style=\"color: #800000;\">\u2022<\/span> <\/strong>ein Projekt oder ein Kurs f\u00fcr die Kinder in Ihrer KiTa, Schule, Einrichtung?<\/span><br \/>\n<span style=\"font-family: helvetica, arial, sans-serif; font-size: 12pt; color: #000000;\"><strong><span style=\"color: #800000;\"> \u2022<\/span> <\/strong>ein Projekt, einen Workshop oder eine Weiterbildung zur Schulung der Mitarbeiter, in Ihrer KiTa, Schule, Einrichtung?<\/span><\/p>\n<p><span style=\"color: #000000; font-family: helvetica, arial, sans-serif; font-size: 12pt;\"><strong><span style=\"color: #800000;\">Gerne berate ich Sie pers\u00f6nlich.<\/span><br \/>\nHarald Hasen\u00f6hrl<\/strong><\/span><br \/>\n<span style=\"color: #000000; font-family: helvetica, arial, sans-serif; font-size: 12pt;\"><strong> Telefon: 06345- 9596855<\/strong><\/span><br \/>\n<span style=\"color: #000000; font-family: helvetica, arial, sans-serif; font-size: 12pt;\"><strong>Email: <a style=\"color: #000000;\" href=\"http:\/\/mailto:info@kon-tra.de\"><span style=\"color: #000080;\">info@kon-tra.de<\/span><\/a><\/strong><\/span><\/p>\n<p><span style=\"font-family: helvetica, arial, sans-serif; font-size: 12pt; color: #000000;\"><strong><span style=\"color: #800000;\">\u00a0<\/span><\/strong><\/span><\/p>\n","protected":false},"excerpt":{"rendered":"<p>Ihr wollt Projekt-Tage mit eurer Gruppe, eurer Klasse, eurem Team erleben, dann seid ihr hier genau richtig. F\u00fcr die Projekt-Tage in der Natur, im Wald oder in der Turnhalle ben\u00f6tigt ihr keine komplexe Ausr\u00fcstung. Ihr ben\u00f6tigt eure Fantasie, sodass ihr euch in die Geschichten, in die Rollen und in die Themen der Projekt-Tage hineinversetzen k\u00f6nnt,&#8230;<\/p>\n","protected":false},"author":2,"featured_media":2349,"parent":1511,"menu_order":4,"comment_status":"closed","ping_status":"closed","template":"fullwidth.php","meta":[],"_links":{"self":[{"href":"http:\/\/kon-tra.de\/wordpress\/wp-json\/wp\/v2\/pages\/1769"}],"collection":[{"href":"http:\/\/kon-tra.de\/wordpress\/wp-json\/wp\/v2\/pages"}],"about":[{"href":"http:\/\/kon-tra.de\/wordpress\/wp-json\/wp\/v2\/types\/page"}],"author":[{"embeddable":true,"href":"http:\/\/kon-tra.de\/wordpress\/wp-json\/wp\/v2\/users\/2"}],"replies":[{"embeddable":true,"href":"http:\/\/kon-tra.de\/wordpress\/wp-json\/wp\/v2\/comments?post=1769"}],"version-history":[{"count":10,"href":"http:\/\/kon-tra.de\/wordpress\/wp-json\/wp\/v2\/pages\/1769\/revisions"}],"predecessor-version":[{"id":2629,"href":"http:\/\/kon-tra.de\/wordpress\/wp-json\/wp\/v2\/pages\/1769\/revisions\/2629"}],"up":[{"embeddable":true,"href":"http:\/\/kon-tra.de\/wordpress\/wp-json\/wp\/v2\/pages\/1511"}],"wp:featuredmedia":[{"embeddable":true,"href":"http:\/\/kon-tra.de\/wordpress\/wp-json\/wp\/v2\/media\/2349"}],"wp:attachment":[{"href":"http:\/\/kon-tra.de\/wordpress\/wp-json\/wp\/v2\/media?parent=1769"}],"curies":[{"name":"wp","href":"https:\/\/api.w.org\/{rel}","templated":true}]}}