{"id":2053,"date":"2024-01-09T11:36:24","date_gmt":"2024-01-09T10:36:24","guid":{"rendered":"http:\/\/kon-tra.de\/wordpress\/?page_id=2053"},"modified":"2026-04-27T14:25:34","modified_gmt":"2026-04-27T12:25:34","slug":"selbstbehauptungstrainer-stufe-1","status":"publish","type":"page","link":"http:\/\/kon-tra.de\/wordpress\/selbstbehauptungstrainer-stufe-1\/","title":{"rendered":"Workshops f\u00fcr Eltern"},"content":{"rendered":"<p><strong><span style=\"font-family: helvetica, arial, sans-serif; font-size: 12pt; color: #662d2d;\">Die Workshops unterst\u00fctzen Eltern im Alltag die \u201esoziale Kompetenz\u201c von ihrem Kind zu st\u00e4rken, u.a. den Zusammenhalt, die Hilfsbereitschaft, das Mitgef\u00fchl, die R\u00fccksichtnahme, Verst\u00e4ndnis f\u00fcr den anderen, der Umgang mit Kritik, das Grenzen setzen sowie die Wahrnehmung und Einhaltung der eigenen Grenzen, das konstruktive Handeln zur richtigen Zeit und die friedliche Aufl\u00f6sung von Konflikten.<\/span><\/strong><br \/>\n<span style=\"font-family: helvetica, arial, sans-serif; font-size: 12pt; color: #203029;\">Die Workshops beinhalten Bewegung \u2022 Konzentration \u2022 Kontakt \u2022 Kommunikation \u2022 den Umgang miteinander \u2022 Spiel und Spass \u2022 Kreativit\u00e4t \u2022 Improvisation, um den eigenen Ausdruck (Eltern und Kind) zu finden, sowie Rollenspiele mit dem K\u00f6rper, der Sprache, der Mimik und der Gestik.<\/span><br \/>\n<span style=\"font-family: helvetica, arial, sans-serif; font-size: 12pt; color: #203029;\">Sie f\u00f6rdern soziale Verhaltensweisen, das gemeinsame Erfahren, das Erleben und das Wir-Gef\u00fchl (Familie und Gruppe), welche das Selbstvertrauen, das Selbstbewusstsein, die Zusammenarbeit f\u00f6rdern.<\/span><br \/>\n<span style=\"font-family: helvetica, arial, sans-serif; font-size: 12pt; color: #203029;\"><strong><br \/>\n<span style=\"color: #662d2d;\">Qualit\u00e4ten, die Kinder f\u00fcr ihre Zukunft ben\u00f6tigen:<\/span><\/strong><\/span><br \/>\n<span style=\"font-family: helvetica, arial, sans-serif; font-size: 12pt; color: #203029;\"><span style=\"color: #662d2d;\"><strong>\u2022<\/strong> <\/span>Selbstbewusstsein \u2013 Selbstvertrauen \u2013 Selbstbehauptung.<\/span><br \/>\n<span style=\"font-family: helvetica, arial, sans-serif; font-size: 12pt; color: #203029;\"><span style=\"color: #662d2d;\"><strong>\u2022<\/strong> <\/span>Selbstkontrolle und Kritikf\u00e4higkeit, Verst\u00e4ndnis f\u00fcr den anderen.<\/span><br \/>\n<span style=\"font-family: helvetica, arial, sans-serif; font-size: 12pt; color: #203029;\"><span style=\"color: #662d2d;\"><strong>\u2022 <\/strong><\/span>Positiver Umgang mit Gef\u00fchlen und Konflikten.<\/span><br \/>\n<span style=\"font-family: helvetica, arial, sans-serif; font-size: 12pt; color: #203029;\"><span style=\"color: #662d2d;\"><strong>\u2022<\/strong><\/span> Kritikf\u00e4higkeit und Frustrationstoleranz.<\/span><br \/>\n<span style=\"font-family: helvetica, arial, sans-serif; font-size: 12pt; color: #203029;\"><span style=\"color: #662d2d;\"><strong>\u2022 <\/strong><\/span>Grenzen setzen und Grenzen einhalten.<\/span><br \/>\n<span style=\"font-family: helvetica, arial, sans-serif; font-size: 12pt; color: #203029;\"><span style=\"color: #662d2d;\"><strong>\u2022 <\/strong><\/span>Zusammenhalt, das Wir-Gef\u00fchl, die Hilfsbereitschaft, das Mitgef\u00fchl, die R\u00fccksichtnahme.<\/span><br \/>\n<span style=\"font-family: helvetica, arial, sans-serif; font-size: 12pt; color: #203029;\"><span style=\"color: #662d2d;\"><strong>\u2022 <\/strong><\/span>Konzentration und Achtsamkeit.<\/span><br \/>\n<span style=\"font-family: helvetica, arial, sans-serif; font-size: 12pt; color: #203029;\"><strong><span style=\"color: #662d2d;\">\u2022<\/span> <\/strong>K\u00f6rper- und Eigenwahrnehmung u.a. Spannungs- und Entspannungsf\u00e4higkeit, Flexibilit\u00e4t, Gleichgewichtssinn, Grob- und Feinmotorik.<\/span><br \/>\n<span style=\"font-family: helvetica, arial, sans-serif; font-size: 12pt; color: #203029;\"><strong><span style=\"color: #662d2d;\">\u2022<\/span> <\/strong>Durchhalteverm\u00f6gen, Mut, Reaktions- und Koordinationsf\u00e4higkeit.<\/span><br \/>\n<span style=\"font-family: helvetica, arial, sans-serif; font-size: 12pt; color: #203029;\"><span style=\"color: #662d2d;\"><strong>\u2022<\/strong> <\/span>Durchsetzungsf\u00e4higkeit.<\/span><\/p>\n<p><span style=\"font-family: helvetica, arial, sans-serif; font-size: 12pt; color: #203029;\"><span style=\"color: #662d2d;\"><strong>Das<\/strong> <\/span><strong><span style=\"color: #662d2d;\">Besondere f\u00fcr Eltern:<\/span><br \/>\n<\/strong><span style=\"color: #662d2d;\">\u25ba<\/span> Sie bekommen eine F\u00fclle von Tools: Praktische \u00dcbungen, Rollen-Spiele, Kommunikationstechniken und Selbsthilfetechniken f\u00fcr sich selbst und f\u00fcr ihr Kind, um sich selbst und ihr Kind zu sensibilisieren, zu f\u00f6rdern und zu st\u00e4rken.<\/span><br \/>\n<span style=\"font-family: helvetica, arial, sans-serif; font-size: 12pt; color: #203029;\"><span style=\"color: #662d2d;\">\u25ba<\/span> Skills-Training: Das Optimieren von Fertigkeiten und Strategien, die Sie f\u00fcr sich und f\u00fcr ihr Kind anwenden k\u00f6nnen, damit sie mit emotionalen und zwischenmenschlichen Problemen besser umgehen k\u00f6nnen.<\/span><br \/>\n<span style=\"font-family: helvetica, arial, sans-serif; font-size: 12pt; color: #203029;\"><span style=\"color: #662d2d;\">\u25ba<\/span> Die Praxisinhalte der einzelnen Themen k\u00f6nnen Sie sofort zielgerichtet einsetzen und umsetzen.<\/span><\/p>\n<p><span style=\"text-decoration: underline;\"><span style=\"font-family: helvetica, arial, sans-serif; font-size: 12pt; color: #662d2d;\"><strong><span style=\"font-size: 14pt;\">Aktuelle Workshops f\u00fcr Eltern, Lehrer, Erzieher und Interessierte:<\/span><\/strong><\/span><\/span><\/p>\n<p><span style=\"font-family: helvetica, arial, sans-serif; font-size: 12pt; color: #000000;\"><strong><span style=\"color: #800000;\"><span style=\"color: #662d2d; font-size: 14pt;\">14. &#8211; 15.03.2026\u00a0 ~Unterst\u00fctzung f\u00fcr impulsive und unruhige Kinder~<br \/>\n\u201cDie Impulskontrolle st\u00e4rken &amp; die Frustrationstoleranz aufbauen\u201d<br \/>\n<\/span><\/span><\/strong><\/span><span style=\"color: #203029; font-family: helvetica, arial, sans-serif; font-size: 12pt;\"><strong>Download PDF-Datei:<\/strong>\u00a0<a href=\"http:\/\/kon-tra.de\/wordpress\/wp-content\/uploads\/2026\/02\/Seminar-Unterstuetzung-bei-unruhigen-impulsiven-und-ADHS-Kindern.pdf\"><strong><span style=\"color: #000080;\">Seminar Unterst\u00fctzung bei unruhigen, impulsiven und ADHS Kindern<\/span><\/strong><\/a><\/span><br \/>\n<span style=\"font-family: helvetica, arial, sans-serif; font-size: 12pt; color: #000000;\"><span style=\"color: #662d2d;\"><strong><br \/>\n<\/strong><span style=\"color: #203029;\">Unruhige und impulsive Kinder sowie Kinder mit ADHS stellen oft eine Herausforderung f\u00fcr Eltern und P\u00e4dagogen dar und k\u00f6nnen den Alltag f\u00fcr Eltern und P\u00e4dagogen oft an die Belastungsgrenze bringen. Unruhige und impulsive Kinder fordern von Eltern und P\u00e4dagogen ein hohes Ma\u00df an Geduld, Struktur und emotionaler Pr\u00e4senz, da ihr Verhalten oft als anstrengend oder provozierend wahrgenommen wird.<br \/>\n<\/span><\/span><\/span><span style=\"color: #203029; font-size: 12pt; font-family: helvetica, arial, sans-serif;\">Die Unterst\u00fctzung unruhiger und impulsiver Kinder bei der Entwicklung ihrer Impulskontrolle und ihrer Frustrationstoleranz basiert ma\u00dfgeblich auf der F\u00f6rderung der Selbstregulation durch Struktur, empathische Begleitung, klare Kommunikation, Vorbildfunktion und positive Verst\u00e4rkung sowie gezielte \u00dcbungen. <\/span><\/p>\n<p><span style=\"font-size: 12pt; font-family: helvetica, arial, sans-serif;\"><span style=\"color: #203029;\">Das Seminar zeigt Wege auf wie wir den Kindern helfen k\u00f6nnen, u.a. durch die Vereinbarung von Regeln <\/span><span style=\"color: #203029;\">(z. B. &#8222;Stopp&#8220;-Signale), gemeinsame Gespr\u00e4che, das Ein\u00fcben von Verz\u00f6gerungen (erst atmen, dann handeln) und spielerische F\u00f6rderung der Impulskontrolle. Wichtig sind verl\u00e4ssliche Routinen, ausreichend Bewegung und die Vermeidung von emotionalen Eskalationen.\u00a0<\/span><\/span><br \/>\n<span style=\"color: #203029; font-size: 12pt; font-family: helvetica, arial, sans-serif;\">Das Seminar beinhaltet auch \u201cSpa\u00df, Spiel- und Bewegungszeit sowie Spielideen\u201d. Das Spielen und das sich Bewegen mit unruhigen und impulsiven Kindern sowie mit ADHS Kindern ist wichtig, weil es ihre Aufmerk-samkeit, ihre Impulskontrolle und soziale F\u00e4higkeiten st\u00e4rkt. Durch abwechslungsreiche Spielideen werden Neugier und Motivation gef\u00f6rdert, was hilft, ihre oft geringe Frustrationstoleranz zu verbessern.<\/span><\/p>\n<p><span style=\"font-size: 12pt; font-family: helvetica, arial, sans-serif;\"><strong><u>Inhalte:<\/u><\/strong><\/span><br \/>\n<span style=\"color: #203029; font-size: 12pt; font-family: helvetica, arial, sans-serif;\"><span style=\"color: #662d2d;\"><strong>\u2022<\/strong><\/span> Austausch: Hintergr\u00fcnde, Ursachen und Belastungen zu \u201cUnruhe, Impulsivit\u00e4t und ADHS\u201d verstehen. <\/span><br \/>\n<span style=\"color: #203029; font-size: 12pt; font-family: helvetica, arial, sans-serif;\"><span style=\"color: #662d2d;\"><strong>\u2022<\/strong><\/span> Ein gezieltes Training zur F\u00f6rderung der Selbstregulation, u.a. \u201cder sichere Hafen\u201d, \u201cGef\u00fchle benennen\u201d.\u00a0<\/span><br \/>\n<span style=\"color: #203029; font-size: 12pt; font-family: helvetica, arial, sans-serif;\"><span style=\"color: #662d2d;\"><strong>\u2022 <\/strong><\/span>F\u00f6rderung der Impulskontrolle und Steigerung der Frustrationstoleranz, u.a. \u201cdie Pausetaste dr\u00fccken\u201d.<\/span><br \/>\n<span style=\"color: #203029; font-size: 12pt; font-family: helvetica, arial, sans-serif;\"><span style=\"color: #662d2d;\"><strong>\u2022<\/strong><\/span> Stategien zur Verhaltenssteuerung, Struktur &amp; Regeln als Sicherheitsnetz, Kommunikation auf Augenh\u00f6he.<\/span><br \/>\n<span style=\"color: #203029; font-size: 12pt; font-family: helvetica, arial, sans-serif;\"><span style=\"color: #662d2d;\"><strong>\u2022<\/strong><\/span> Die Rolle der Vorbilder und der positiven Verst\u00e4rkung, u.a. positives Feedback<\/span><br \/>\n<span style=\"color: #203029; font-size: 12pt; font-family: helvetica, arial, sans-serif;\"><span style=\"color: #662d2d;\"><strong>\u2022 <\/strong><\/span>Spa\u00df, Spiel- Bewegungszeit, Spielideen f\u00fcr die St\u00e4rkung der Impulskontrolle und Frustrationstoleranz.<\/span><br \/>\n<span style=\"color: #203029; font-size: 12pt; font-family: helvetica, arial, sans-serif;\"><span style=\"color: #662d2d;\"><strong>\u2022<\/strong><\/span> Akute Hilfe wenn die Situation zu eskalieren droht: Die &#8222;STOP-Signale&#8220;!<\/span><br \/>\n<span style=\"color: #203029; font-size: 12pt; font-family: helvetica, arial, sans-serif;\"><span style=\"color: #662d2d;\"><strong>\u2022<\/strong> <\/span>Tipps f\u00fcr spezifische Situationen.<\/span><\/p>\n<p><span style=\"font-family: helvetica, arial, sans-serif; font-size: 12pt;\"><span style=\"color: #662d2d;\"><strong>Veranstaltungsort: \u00a0\u00a0\u00a0<\/strong><\/span>\u00a0\u00a0\u00a0\u00a0\u00a0\u00a0\u00a0\u00a0\u00a0\u00a0 <span style=\"color: #203029;\">Haus der achtsamen Gesundheit \u2022 Weinstra\u00dfe 2 \u2022 76899 Pleisweiler<\/span><\/span><br \/>\n<span style=\"font-family: helvetica, arial, sans-serif; font-size: 12pt; color: #000000;\"><span style=\"color: #662d2d;\"><strong><u>Z<span style=\"color: #662d2d;\">eiten:<\/span><\/u><\/strong><\/span><strong> \u00a0 \u00a0\u00a0\u00a0\u00a0\u00a0\u00a0\u00a0\u00a0\u00a0\u00a0\u00a0\u00a0\u00a0\u00a0\u00a0\u00a0\u00a0\u00a0\u00a0 \u00a0\u00a0\u00a0\u00a0\u00a0\u00a0\u00a0\u00a0\u00a0\u00a0\u00a0 <\/strong><span style=\"color: #203029;\">10.00 &#8211; 17.00 Uhr je Workshop-Tag<\/span><\/span><br \/>\n<span style=\"font-family: helvetica, arial, sans-serif; font-size: 12pt; color: #203029;\"><span style=\"color: #662d2d;\"><span style=\"color: #203029;\"><strong><span style=\"color: #662d2d;\"><span style=\"text-decoration: underline;\">Geb\u00fchren:<\/span>\u00a0 \u00a0 \u00a0<\/span> <\/strong>\u00a0 \u00a0 \u00a0 \u00a0 \u00a0 \u00a0 \u00a0 \u00a0 \u00a0 \u00a0 \u00a0 \u00a0180,00 \u20ac &#8211; 2 Tage \u25ba inkl. Unterlagen, Mittag-Snack, Kaffee, Tee, Kuchen!<\/span><strong><u><br \/>\nGeb\u00fchren:<\/u><\/strong><\/span>\u00a0 \u00a0 \u00a0 \u00a0 \u00a0 \u00a0 \u00a0 \u00a0 \u00a0 \u00a0 \u00a0 \u00a0 \u00a0 \u00a0 \u00a0100,00 \u20ac &#8211; 1\u00a0 \u00a0Tag \u25ba inkl. Unterlagen, Mittag-Snack, Kaffee, Tee, Kuchen!<\/span><br \/>\n<span style=\"font-family: helvetica, arial, sans-serif; font-size: 12pt; color: #203029;\"><strong><span style=\"color: #662d2d;\">Sonstiges:\u00a0 \u00a0 \u00a0<\/span>\u00a0 \u00a0 \u00a0 \u00a0 \u00a0 \u00a0 \u00a0 \u00a0 \u00a0 \u00a0 \u00a0 \u00a0 <\/strong>Bequeme Kleidung und Turnschuhe mitbringen!<br \/>\n<strong><span style=\"color: #662d2d;\">Leitung:\u00a0 \u00a0 \u00a0 \u00a0<\/span> \u00a0 \u00a0 \u00a0 \u00a0 \u00a0 \u00a0 \u00a0 \u00a0 \u00a0 \u00a0 \u00a0 \u00a0 \u00a0<\/strong>Harald Hasen\u00f6hrl<\/span><\/p>\n<p><span style=\"font-family: helvetica, arial, sans-serif; font-size: 12pt; color: #662d2d;\"><strong><br \/>\nSie interessieren sich f\u00fcr weitere Workshops.<\/strong><\/span><\/p>\n<p><span style=\"font-family: helvetica, arial, sans-serif; font-size: 12pt; color: #000000;\"><strong><span style=\"color: #662d2d;\">Gerne berate ich Sie pers\u00f6nlich.<\/span><br \/>\n<span style=\"color: #203029;\">Harald Hasen\u00f6hrl<\/span><\/strong><\/span><br \/>\n<span style=\"font-family: helvetica, arial, sans-serif; font-size: 12pt; color: #203029;\"><strong> Telefon: 06345- 9596855<\/strong><\/span><br \/>\n<span style=\"font-family: helvetica, arial, sans-serif; font-size: 12pt;\"><strong><span style=\"color: #203029;\">Email: <\/span><a href=\"http:\/\/mailto:info@kon-tra.de\"><span style=\"color: #000080;\">info@kon-tra.de<\/span><\/a><\/strong><\/span><\/p>\n","protected":false},"excerpt":{"rendered":"<p>Die Workshops unterst\u00fctzen Eltern im Alltag die \u201esoziale Kompetenz\u201c von ihrem Kind zu st\u00e4rken, u.a. den Zusammenhalt, die Hilfsbereitschaft, das Mitgef\u00fchl, die R\u00fccksichtnahme, Verst\u00e4ndnis f\u00fcr den anderen, der Umgang mit Kritik, das Grenzen setzen sowie die Wahrnehmung und Einhaltung der eigenen Grenzen, das konstruktive Handeln zur richtigen Zeit und die friedliche Aufl\u00f6sung von Konflikten. Die&#8230;<\/p>\n","protected":false},"author":2,"featured_media":2615,"parent":0,"menu_order":5,"comment_status":"closed","ping_status":"closed","template":"fullwidth.php","meta":[],"_links":{"self":[{"href":"http:\/\/kon-tra.de\/wordpress\/wp-json\/wp\/v2\/pages\/2053"}],"collection":[{"href":"http:\/\/kon-tra.de\/wordpress\/wp-json\/wp\/v2\/pages"}],"about":[{"href":"http:\/\/kon-tra.de\/wordpress\/wp-json\/wp\/v2\/types\/page"}],"author":[{"embeddable":true,"href":"http:\/\/kon-tra.de\/wordpress\/wp-json\/wp\/v2\/users\/2"}],"replies":[{"embeddable":true,"href":"http:\/\/kon-tra.de\/wordpress\/wp-json\/wp\/v2\/comments?post=2053"}],"version-history":[{"count":10,"href":"http:\/\/kon-tra.de\/wordpress\/wp-json\/wp\/v2\/pages\/2053\/revisions"}],"predecessor-version":[{"id":2656,"href":"http:\/\/kon-tra.de\/wordpress\/wp-json\/wp\/v2\/pages\/2053\/revisions\/2656"}],"wp:featuredmedia":[{"embeddable":true,"href":"http:\/\/kon-tra.de\/wordpress\/wp-json\/wp\/v2\/media\/2615"}],"wp:attachment":[{"href":"http:\/\/kon-tra.de\/wordpress\/wp-json\/wp\/v2\/media?parent=2053"}],"curies":[{"name":"wp","href":"https:\/\/api.w.org\/{rel}","templated":true}]}}