{"id":2730,"date":"2026-04-27T14:06:38","date_gmt":"2026-04-27T12:06:38","guid":{"rendered":"http:\/\/kon-tra.de\/wordpress\/?page_id=2730"},"modified":"2026-04-27T15:53:45","modified_gmt":"2026-04-27T13:53:45","slug":"ringen-rangeln-raufen-fuer-kinder","status":"publish","type":"page","link":"http:\/\/kon-tra.de\/wordpress\/selbstsicherheit\/ringen-rangeln-raufen-fuer-kinder\/","title":{"rendered":"Raufen und Rangeln &#8211; Fair play und faire Kids in  KiTa &#038; Schule"},"content":{"rendered":"<p><span style=\"font-family: helvetica, arial, sans-serif; font-size: 14pt;\"><strong><span style=\"color: #662d2d;\">Raufen \u2022 Rangeln \u2022 Ringen \u201eFair play &#8211; faire Kids\u201c\u00a0<\/span> <\/strong><br \/>\n<strong><span style=\"color: #203029;\">Download PDF-Datei: <a href=\"http:\/\/kon-tra.de\/wordpress\/wp-content\/uploads\/2026\/04\/Raufen-Rangeln-Ringen-fuer-Kinder.pdf\"><span style=\"color: #000080;\">Raufen-Rangeln-Ringen f\u00fcr Kinder<\/span><\/a><\/span><\/strong><\/span><\/p>\n<p><span style=\"font-family: helvetica, arial, sans-serif; font-size: 12pt; color: #662d2d;\"><strong>Raufen, Rangeln und Ringen f\u00fcr Kinder sind p\u00e4dagogisch wertvolle Bewegungsformen, die K\u00f6rperkontakt, Kraftdosierung, K\u00f6rperwahrnehmung und Fairness f\u00f6rdern. Kinder lernen dabei, eigene Grenzen zu erkennen, Emotionen zu kontrollieren und Verantwortung f\u00fcr den Partner zu \u00fcbernehmen.<\/strong><br \/>\n<\/span><span style=\"font-family: helvetica, arial, sans-serif; font-size: 12pt; color: #203029;\">Es handelt sich um kontrolliertes Kr\u00e4ftemessen mit festen Regeln, wie Freiwilligkeit und Respekt, um Gewalt vorzubeugen. Klare Grenzen und Rituale (z.B. Abklopfen) sichern faire Begegnungen auf Augenh\u00f6he. Dar\u00fcber hinaus werden Ber\u00fchrungs\u00e4ngste und Vorurteile abgebaut.<\/span><\/p>\n<p><span style=\"font-family: helvetica, arial, sans-serif; font-size: 12pt; color: #203029;\">Raufen, Rangeln und Ringen mit Kindern beinhalten k\u00f6rperbetonte Spiele, die Kraft, Koordination, Selbstvertrauen und soziale Kompetenzen f\u00f6rdern sowie das richtige Einsch\u00e4tzen der eigenen F\u00e4higkeiten schult. Durch diese spielerischen Interaktionen werden nicht nur die K\u00f6rperentwicklung und die K\u00f6rperwahrnehmung gest\u00e4rkt, sondern auch Empathie, Respekt, Fairness, Teamgeist und Konfliktl\u00f6sungskompetenzen entwickelt.<\/span><br \/>\n<span style=\"font-family: helvetica, arial, sans-serif; font-size: 12pt; color: #203029;\"><span style=\"color: #662d2d;\">\u25ba<\/span> Wichtig sind feste Regeln, wie Freiwilligkeit, Stopp-Signale und das Verbot von Verletzungen.<\/span><\/p>\n<p><img loading=\"lazy\" class=\"aligncenter wp-image-2749 size-large\" src=\"http:\/\/kon-tra.de\/wordpress\/wp-content\/uploads\/2026\/04\/Raufen-und-Rangeln-3-700x197.jpg\" alt=\"\" width=\"700\" height=\"197\" srcset=\"http:\/\/kon-tra.de\/wordpress\/wp-content\/uploads\/2026\/04\/Raufen-und-Rangeln-3-700x197.jpg 700w, http:\/\/kon-tra.de\/wordpress\/wp-content\/uploads\/2026\/04\/Raufen-und-Rangeln-3-300x84.jpg 300w, http:\/\/kon-tra.de\/wordpress\/wp-content\/uploads\/2026\/04\/Raufen-und-Rangeln-3-768x216.jpg 768w, http:\/\/kon-tra.de\/wordpress\/wp-content\/uploads\/2026\/04\/Raufen-und-Rangeln-3-800x225.jpg 800w, http:\/\/kon-tra.de\/wordpress\/wp-content\/uploads\/2026\/04\/Raufen-und-Rangeln-3.jpg 1333w\" sizes=\"(max-width: 700px) 100vw, 700px\" \/><span style=\"font-family: helvetica, arial, sans-serif; font-size: 12pt; color: #203029;\"><br \/>\nWir erkunden und erproben uns \u00fcber unsere K\u00f6rpersprache, K\u00f6rperbewegung und K\u00f6rperhaltung, \u00fcber Mimik und Gestik, \u00fcber Kommunikation, Spiele und \u00dcbungen die \u201eSelbstsicher\u201c machen, sowie \u00fcber Interaktions-, Kooperations- und Wahrnehmungs\u00fcbungen und Spiele.<\/span><\/p>\n<p><span style=\"font-family: helvetica, arial, sans-serif; font-size: 12pt; color: #203029;\"><strong><span style=\"color: #662d2d;\">Zielsetzung:<\/span> <\/strong><u><br \/>\n<\/u><span style=\"color: #662d2d;\"><strong>\u2022<\/strong><\/span> Der Umgang miteinander &#8222;Werte wie Freundschaft, Toleranz, Respekt und Solidarit\u00e4t vermitteln&#8220;.<\/span><br \/>\n<span style=\"font-family: helvetica, arial, sans-serif; font-size: 12pt; color: #203029;\"><span style=\"color: #662d2d;\"><strong>\u2022<\/strong><\/span> St\u00e4rkung des Vertrauens in die eigenen F\u00e4higkeiten \u201eIch bin selbstsicher und selbstbewusst\u201c.<\/span><br \/>\n<span style=\"font-family: helvetica, arial, sans-serif; font-size: 12pt; color: #203029;\"><span style=\"color: #662d2d;\"><strong>\u2022<\/strong><\/span> Akzeptanz von Regeln und das st\u00e4rken der Frustrationstoleranz.<\/span><br \/>\n<span style=\"font-family: helvetica, arial, sans-serif; font-size: 12pt; color: #203029;\"><span style=\"color: #662d2d;\"><strong>\u2022<\/strong> <\/span>F\u00f6rderung von ad\u00e4quatem Verhalten in Kritik- und Konfliktsituationen.<\/span><br \/>\n<span style=\"font-family: helvetica, arial, sans-serif; font-size: 12pt; color: #203029;\"><span style=\"color: #662d2d;\"><strong>\u2022<\/strong><\/span> St\u00e4rkung der K\u00f6rperwahrnehmung &amp; Motorik, u.a. F\u00f6rderung von Gleichgewicht, Kraft, Koordination <\/span><span style=\"font-family: helvetica, arial, sans-serif; font-size: 12pt; color: #203029;\">und Reaktionsschnelligkeit, sowie der Impulskontrolle.<\/span><br \/>\n<span style=\"font-family: helvetica, arial, sans-serif; font-size: 12pt; color: #203029;\"><span style=\"color: #662d2d;\"><strong>\u2022<\/strong><\/span> F\u00f6rderung der sozialen Kompetenz, u.a. Respekt vor dem Gegner, Einhalten von Regeln, <\/span><span style=\"font-family: helvetica, arial, sans-serif; font-size: 12pt; color: #203029;\">Vertrauensaufbau und Umgang mit Sieg und Niederlage.<\/span><br \/>\n<span style=\"font-family: helvetica, arial, sans-serif; font-size: 12pt; color: #203029;\"><span style=\"color: #662d2d;\"><strong>\u2022<\/strong> <\/span>Aggressionsabbau, u.a. Kontrolliertes Auspowern und Kanalisieren von Energie.<\/span><\/p>\n<p><span style=\"color: #662d2d;\"><strong><span style=\"font-family: helvetica, arial, sans-serif; font-size: 12pt;\">Inhalte:<\/span><\/strong><\/span><br \/>\n<span style=\"font-family: helvetica, arial, sans-serif; font-size: 12pt; color: #203029;\"><span style=\"color: #662d2d;\"><strong>\u2022<\/strong><\/span> Raufen, Rangeln und Ringen &#8211; Spiele und \u00dcbungen.<\/span><br \/>\n<span style=\"font-family: helvetica, arial, sans-serif; font-size: 12pt; color: #203029;\"><span style=\"color: #662d2d;\"><strong>\u2022<\/strong><\/span> Klare Regeln, u.a. Stopp hei\u00dft Stopp, wir sind Partner und keine Gegner.<\/span><br \/>\n<span style=\"font-family: helvetica, arial, sans-serif; font-size: 12pt; color: #203029;\"><span style=\"color: #662d2d;\"><strong>\u2022<\/strong><\/span> Kooperations-, Interaktions- und Wahrnehmungsspiele und \u00dcbungen.<\/span><br \/>\n<span style=\"font-family: helvetica, arial, sans-serif; font-size: 12pt; color: #203029;\"><span style=\"color: #662d2d;\"><strong>\u2022<\/strong><\/span> Spiele und \u00dcbungen f\u00fcr mehr Selbstsicherheit.<\/span><br \/>\n<span style=\"font-family: helvetica, arial, sans-serif; font-size: 12pt; color: #203029;\"><span style=\"color: #662d2d;\"><strong>\u2022<\/strong> <\/span>Konstruktiver Umgang mit Aggressionen. \u201eWenn mir jemand zu nahekommt \u2013 Wie sag ich es dem <\/span><span style=\"font-family: helvetica, arial, sans-serif; font-size: 12pt; color: #203029;\">anderen\u201c.<\/span><br \/>\n<span style=\"font-family: helvetica, arial, sans-serif; font-size: 12pt; color: #203029;\"><strong><span style=\"color: #662d2d;\">\u2022<\/span><\/strong> Selbstkontrolle und der Umgang mit eigenen Gef\u00fchlen und Stimmungen.<\/span><br \/>\n<span style=\"font-family: helvetica, arial, sans-serif; font-size: 12pt; color: #203029;\">\u2022 Die Empathie f\u00f6rdern, sich in andere einf\u00fchlen.<\/span><\/p>\n<p><span style=\"color: #662d2d; font-size: 12pt; font-family: helvetica, arial, sans-serif;\"><strong>Sie suchen:<\/strong><\/span><br \/>\n<span style=\"font-size: 12pt; font-family: helvetica, arial, sans-serif; color: #203029;\"><span style=\"color: #662d2d;\"><strong>\u2022 <\/strong><\/span>ein Projekt oder ein Kurs f\u00fcr die Kinder in Ihrer KiTa, Schule, Einrichtung?<\/span><br \/>\n<span style=\"font-size: 12pt; font-family: helvetica, arial, sans-serif; color: #203029;\"><span style=\"color: #662d2d;\"><strong> \u2022 <\/strong><\/span>ein Projekt, einen Workshop oder eine Fortbildung zur Schulung der Mitarbeiter, in Ihrer KiTa, Schule, Einrichtung?<\/span><\/p>\n<p><span style=\"color: #662d2d;\"><strong><span style=\"font-family: helvetica, arial, sans-serif; font-size: 12pt;\">Gerne berate ich Sie pers\u00f6nlich.<\/span><\/strong><\/span><br \/>\n<strong><span style=\"font-family: helvetica, arial, sans-serif; font-size: 12pt; color: #203029;\">Harald Hasen\u00f6hrl<\/span><\/strong><br \/>\n<strong><span style=\"font-family: helvetica, arial, sans-serif; font-size: 12pt; color: #203029;\">Telefon: 0160-4123760<\/span><\/strong><br \/>\n<span style=\"font-size: 12pt; font-family: helvetica, arial, sans-serif;\"><strong><span style=\"color: #203029;\">Email:<\/span><\/strong> <a href=\"mailto:info@kon-tra.de\"><strong><span style=\"color: #000080;\">info@kon-tra.de<\/span><\/strong><\/a><\/span><\/p>\n","protected":false},"excerpt":{"rendered":"<p>Raufen \u2022 Rangeln \u2022 Ringen \u201eFair play &#8211; faire Kids\u201c\u00a0 Download PDF-Datei: Raufen-Rangeln-Ringen f\u00fcr Kinder Raufen, Rangeln und Ringen f\u00fcr Kinder sind p\u00e4dagogisch wertvolle Bewegungsformen, die K\u00f6rperkontakt, Kraftdosierung, K\u00f6rperwahrnehmung und Fairness f\u00f6rdern. Kinder lernen dabei, eigene Grenzen zu erkennen, Emotionen zu kontrollieren und Verantwortung f\u00fcr den Partner zu \u00fcbernehmen. Es handelt sich um kontrolliertes Kr\u00e4ftemessen&#8230;<\/p>\n","protected":false},"author":2,"featured_media":2746,"parent":1511,"menu_order":3,"comment_status":"closed","ping_status":"closed","template":"fullwidth.php","meta":[],"_links":{"self":[{"href":"http:\/\/kon-tra.de\/wordpress\/wp-json\/wp\/v2\/pages\/2730"}],"collection":[{"href":"http:\/\/kon-tra.de\/wordpress\/wp-json\/wp\/v2\/pages"}],"about":[{"href":"http:\/\/kon-tra.de\/wordpress\/wp-json\/wp\/v2\/types\/page"}],"author":[{"embeddable":true,"href":"http:\/\/kon-tra.de\/wordpress\/wp-json\/wp\/v2\/users\/2"}],"replies":[{"embeddable":true,"href":"http:\/\/kon-tra.de\/wordpress\/wp-json\/wp\/v2\/comments?post=2730"}],"version-history":[{"count":11,"href":"http:\/\/kon-tra.de\/wordpress\/wp-json\/wp\/v2\/pages\/2730\/revisions"}],"predecessor-version":[{"id":2769,"href":"http:\/\/kon-tra.de\/wordpress\/wp-json\/wp\/v2\/pages\/2730\/revisions\/2769"}],"up":[{"embeddable":true,"href":"http:\/\/kon-tra.de\/wordpress\/wp-json\/wp\/v2\/pages\/1511"}],"wp:featuredmedia":[{"embeddable":true,"href":"http:\/\/kon-tra.de\/wordpress\/wp-json\/wp\/v2\/media\/2746"}],"wp:attachment":[{"href":"http:\/\/kon-tra.de\/wordpress\/wp-json\/wp\/v2\/media?parent=2730"}],"curies":[{"name":"wp","href":"https:\/\/api.w.org\/{rel}","templated":true}]}}