{"id":274,"date":"2014-02-23T23:11:31","date_gmt":"2014-02-23T21:11:31","guid":{"rendered":"http:\/\/kon-tra.de\/wordpress\/?page_id=274"},"modified":"2026-02-05T18:34:55","modified_gmt":"2026-02-05T17:34:55","slug":"gewaltpraevention","status":"publish","type":"page","link":"http:\/\/kon-tra.de\/wordpress\/selbstsicherheit\/gewaltpraevention\/","title":{"rendered":"Deeskalations-Training"},"content":{"rendered":"<p><span style=\"font-family: helvetica, arial, sans-serif; font-size: 12pt; color: #000000;\">Das Deeskalationstraining f\u00fcr Kinder vermittelt altersgerecht F\u00e4higkeiten zur Selbstregulation, Empathie, gewaltfreie Kommunikation und Konfliktl\u00f6sung durch Techniken wie Rollenspiele, Atem\u00fcbungen, Achtsamkeit und Bewegung, um Aggressionen abzubauen, Mobbing zu begegnen und Selbstbewusstsein zu st\u00e4rken, damit Kinder in Konflikten ruhig und selbstsicher agieren k\u00f6nnen, anstatt zu eskalieren. Es geht darum, Reiz-Reaktions-Impulse zu steuern und friedliche Alternativen zu Wut und Gewalt zu finden, oft durch spielerische Methoden und das Training von selbstsicherer K\u00f6rpersprache. Das Deeskalationstraining kombiniert oft Elemente aus der Gewaltpr\u00e4vention mit dem Training sozialer Kompetenzen.\u00a0<\/span><\/p>\n<p><strong><span style=\"font-family: helvetica, arial, sans-serif; font-size: 12pt; color: #000000;\"><span style=\"color: #800000;\">Wichtige Inhalte und Methoden:<\/span> <\/span><\/strong><br \/>\n<span style=\"font-family: helvetica, arial, sans-serif; font-size: 12pt; color: #000000;\"><span style=\"color: #800000;\"><span style=\"color: #000000;\"><strong><span style=\"color: #800000;\">\u2022<\/span> <span style=\"color: #000000;\">Selbst- und Fremdwahrnehmung:<\/span><\/strong> Kinder lernen, eigene Gef\u00fchle wie Wut sowie Signale des Gegen\u00fcbers rechtzeitig wahrzunehmen.<\/span><\/span><strong><span style=\"color: #800000;\"><br \/>\n\u2022<\/span> Selbstregulation:<\/strong> Emotionen erkennen und kontrollieren lernen sowie abbauen (z. B. Atem\u00fcbungen, \u201eStopp-Technik\u201c). <\/span><br \/>\n<span style=\"font-family: helvetica, arial, sans-serif; font-size: 12pt; color: #000000;\"><strong><span style=\"color: #800000;\">\u2022<\/span> Empathie f<span style=\"color: #000000;\">\u00f6rdern:<\/span><\/strong> Sich in andere hineinversetzen, um Missverst\u00e4ndnisse zu vermeiden. <\/span><br \/>\n<span style=\"font-family: helvetica, arial, sans-serif; font-size: 12pt; color: #000000;\"><strong><span style=\"color: #800000;\">\u2022<\/span> Kommunikation:<\/strong> Ruhig und Respektvoll sprechen mit kurzen, klaren Anweisungen, \u201eNein\u201c sagen und Hilfe holen. <\/span><br \/>\n<span style=\"font-family: helvetica, arial, sans-serif; font-size: 12pt; color: #000000;\"><strong><span style=\"color: #800000;\">\u2022<\/span> Konfliktl\u00f6sung:<\/strong> Konstruktive Wege finden, Probleme zu l\u00f6sen, bevor sie eskalieren. <\/span><br \/>\n<span style=\"font-family: helvetica, arial, sans-serif; font-size: 12pt; color: #000000;\"><strong><span style=\"color: #800000;\">\u2022<\/span> K\u00f6rpersprache:<\/strong> Eine selbstsichere Haltung einnehmen, ohne aggressiv zu wirken. <\/span><br \/>\n<span style=\"font-family: helvetica, arial, sans-serif; font-size: 12pt; color: #000000;\"><strong><span style=\"color: #800000;\">\u2022<\/span> K\u00f6rperliche Interventionen:<\/strong> Spielerische \u00dcbungen zum Umgang mit N\u00e4he und Distanz sowie \u00dcbungen f\u00fcr selbstsicheres Auftreten.<strong><span style=\"color: #800000;\"><br \/>\n\u2022<\/span> Spielerische Ans\u00e4tze:<\/strong> Rollenspiele, Geschichten, Diskussionen, \u00dcbungen f\u00fcr Aggressionsabbau. <\/span><br \/>\n<span style=\"font-family: helvetica, arial, sans-serif; font-size: 12pt; color: #000000;\"><strong><span style=\"color: #800000;\">\u2022<\/span> Spezifische Szenarien:<\/strong> \u00dcbungen f\u00fcr den Umgang mit Mobbing, Fremden oder in allt\u00e4glichen Situationen (Schule, Bus).<\/span><\/p>\n<p><span style=\"font-family: helvetica, arial, sans-serif; font-size: 12pt;\"><b><span style=\"color: #800000;\">Deeskalationstraining Praxis:<\/span><br \/>\n<\/b><span style=\"color: #000000;\">In Projekten und Kursen werden Rollenspiele mit K\u00f6rper, Sprache, Mimik und Gestik, Interaktions-, Kooperations- und Kommunikationsspiele, K\u00f6rper- und Atem\u00fcbungen eingesetzt, um Handlungsalternativen zu erproben und zu schulen.<\/span><\/span><\/p>\n<p><span style=\"font-family: helvetica, arial, sans-serif; font-size: 12pt;\"><strong><span style=\"color: #000000;\"><span style=\"color: #800000;\">Ziele des Trainings:<\/span> <\/span><\/strong><\/span><br \/>\n<span style=\"font-family: helvetica, arial, sans-serif; font-size: 12pt; color: #000000;\"><strong><span style=\"color: #800000;\">\u2022<\/span><\/strong> Vermeidung von Verletzungen, indem physische und psychische Sch\u00e4den durch rechtzeitiges Eingreifen verhindert werden sollen.<\/span><br \/>\n<span style=\"font-family: helvetica, arial, sans-serif; font-size: 12pt; color: #000000;\"><span style=\"color: #800000;\"><strong>\u2022<\/strong><\/span> St\u00e4rkung der Selbstsicherheit und des Selbstbewusstseins. <\/span><br \/>\n<span style=\"font-family: helvetica, arial, sans-serif; font-size: 12pt; color: #000000;\"><span style=\"color: #800000;\"><strong>\u2022<\/strong><\/span> F\u00e4higkeit, Gefahren zu erkennen und Grenzen zu setzen.<br \/>\n<span style=\"color: #800000;\"><strong>\u2022<\/strong>\u00a0<\/span>St\u00e4rkung der Selbstwirksamkeit, Kinder erfahren, dass sie Situationen aktiv beeinflussen k\u00f6nnen, ohne auf Gewalt zur\u00fcckzugreifen.<\/span><br \/>\n<span style=\"font-family: helvetica, arial, sans-serif; font-size: 12pt; color: #000000;\"><span style=\"color: #800000;\"><strong>\u2022<\/strong> <\/span>Aufbau sozialer Kompetenzen und gewaltfreie Konfliktl\u00f6sung.<br \/>\n<\/span><span style=\"font-family: helvetica, arial, sans-serif; font-size: 12pt;\"><span style=\"color: #800000;\"><strong>\u2022 <\/strong><\/span>Soziales Miteinander: F\u00f6rderung von Respekt, Empathie und der F\u00e4higkeit, Streit selbstst\u00e4ndig zu schlichten.<\/span><\/p>\n<p><span style=\"color: #800000; font-size: 12pt; font-family: helvetica, arial, sans-serif;\"><strong>Strategien f\u00fcr den Alltag: <\/strong><\/span><br \/>\n<span style=\"font-family: helvetica, arial, sans-serif; font-size: 12pt; color: #000000;\"><strong><span style=\"color: #800000;\">\u2022<\/span><\/strong> Seien Sie ein gutes Vorbild f\u00fcr den Umgang mit eigenen Gef\u00fchlen. <\/span><br \/>\n<span style=\"font-family: helvetica, arial, sans-serif; font-size: 12pt; color: #000000;\"><span style=\"color: #800000;\"><strong>\u2022<\/strong><\/span> Vereinbaren Sie klare Regeln und achten Sie auf positive Verst\u00e4rkung. <\/span><br \/>\n<span style=\"font-family: helvetica, arial, sans-serif; font-size: 12pt; color: #000000;\"><span style=\"color: #800000;\"><strong>\u2022<\/strong> <\/span>Helfen Sie Ihrem Kind, seine Gef\u00fchle zu benennen und zu verstehen.<br \/>\n<span style=\"color: #800000;\"><strong>\u2022<\/strong> <\/span>Kurze, klare Anweisungen, verbale Anleitungen sollten ruhig und respektvoll bleiben.<br \/>\n<span style=\"color: #800000;\"><strong>\u2022<\/strong> <\/span>Ventile schaffen, u.a. Rituale wie das Boxen in ein Kissen oder festes Aufstampfen k\u00f6nnen helfen, angestaute Energie abzubauen.<br \/>\n<span style=\"color: #800000;\"><strong>\u2022<\/strong> <\/span>Kinder in Entscheidungsprozesse einbinden (Selbstwirksamkeit), l\u00e4sst das Risiko f\u00fcr aggressive Frustreaktionen sinken.<br \/>\n<strong><span style=\"color: #800000;\">\u2022<\/span><\/strong> Unterst\u00fctzung signalisieren, statt mit Abgrenzung auf Aggression zu reagieren, sollte man fragen, was das Kind in diesem Moment braucht.<br \/>\n<\/span><\/p>\n<p><span style=\"color: #000000; font-family: helvetica, arial, sans-serif; font-size: 12pt;\"><span style=\"color: #800000;\"><strong>Sie suchen:<\/strong><\/span><br \/>\n<span style=\"color: #800000;\"><strong>\u2022 <\/strong><\/span>ein Projekt oder ein Kurs f\u00fcr die Kinder in Ihrer KiTa, Schule, Einrichtung?<br \/>\n<span style=\"color: #800000;\"><strong> \u2022 <\/strong><\/span>ein Projekt, einen Workshop oder eine Weiterbildung zur Schulung der Mitarbeiter, in Ihrer KiTa, Schule, Einrichtung?<\/span><\/p>\n<p><span style=\"font-family: helvetica, arial, sans-serif; font-size: 12pt;\"><strong><span style=\"color: #800000;\">Gerne berate ich Sie pers\u00f6nlich.<br \/>\n<\/span><span style=\"color: #000000;\">Harald Hasen\u00f6hrl<\/span><\/strong><\/span><br \/>\n<span style=\"color: #000000; font-family: helvetica, arial, sans-serif; font-size: 12pt;\"><strong> Telefon: 06345- 9596855<\/strong><\/span><br \/>\n<span style=\"font-family: helvetica, arial, sans-serif; font-size: 12pt;\"><strong><span style=\"color: #000000;\"> Email: <\/span><span style=\"color: #800000;\"><a href=\"mailto:info@kon-tra.de\"><span style=\"color: #800000;\"><span style=\"color: #000080;\">info@kon-tra.de<\/span><\/span><\/a><\/span><\/strong><\/span><\/p>\n","protected":false},"excerpt":{"rendered":"<p>Das Deeskalationstraining f\u00fcr Kinder vermittelt altersgerecht F\u00e4higkeiten zur Selbstregulation, Empathie, gewaltfreie Kommunikation und Konfliktl\u00f6sung durch Techniken wie Rollenspiele, Atem\u00fcbungen, Achtsamkeit und Bewegung, um Aggressionen abzubauen, Mobbing zu begegnen und Selbstbewusstsein zu st\u00e4rken, damit Kinder in Konflikten ruhig und selbstsicher agieren k\u00f6nnen, anstatt zu eskalieren. Es geht darum, Reiz-Reaktions-Impulse zu steuern und friedliche Alternativen zu Wut&#8230;<\/p>\n","protected":false},"author":1,"featured_media":2646,"parent":1511,"menu_order":3,"comment_status":"closed","ping_status":"open","template":"fullwidth.php","meta":[],"_links":{"self":[{"href":"http:\/\/kon-tra.de\/wordpress\/wp-json\/wp\/v2\/pages\/274"}],"collection":[{"href":"http:\/\/kon-tra.de\/wordpress\/wp-json\/wp\/v2\/pages"}],"about":[{"href":"http:\/\/kon-tra.de\/wordpress\/wp-json\/wp\/v2\/types\/page"}],"author":[{"embeddable":true,"href":"http:\/\/kon-tra.de\/wordpress\/wp-json\/wp\/v2\/users\/1"}],"replies":[{"embeddable":true,"href":"http:\/\/kon-tra.de\/wordpress\/wp-json\/wp\/v2\/comments?post=274"}],"version-history":[{"count":11,"href":"http:\/\/kon-tra.de\/wordpress\/wp-json\/wp\/v2\/pages\/274\/revisions"}],"predecessor-version":[{"id":2643,"href":"http:\/\/kon-tra.de\/wordpress\/wp-json\/wp\/v2\/pages\/274\/revisions\/2643"}],"up":[{"embeddable":true,"href":"http:\/\/kon-tra.de\/wordpress\/wp-json\/wp\/v2\/pages\/1511"}],"wp:featuredmedia":[{"embeddable":true,"href":"http:\/\/kon-tra.de\/wordpress\/wp-json\/wp\/v2\/media\/2646"}],"wp:attachment":[{"href":"http:\/\/kon-tra.de\/wordpress\/wp-json\/wp\/v2\/media?parent=274"}],"curies":[{"name":"wp","href":"https:\/\/api.w.org\/{rel}","templated":true}]}}