{"id":4,"date":"2013-04-24T10:35:06","date_gmt":"2013-04-24T08:35:06","guid":{"rendered":"http:\/\/kon-tra.de\/wordpress\/?page_id=4"},"modified":"2026-02-05T18:38:40","modified_gmt":"2026-02-05T17:38:40","slug":"tai-chi","status":"publish","type":"page","link":"http:\/\/kon-tra.de\/wordpress\/selbstsicherheit\/tai-chi\/","title":{"rendered":"Selbstbehauptung"},"content":{"rendered":"<h3><span style=\"font-family: helvetica, arial, sans-serif; font-size: 14pt;\"><strong><span style=\"color: #800000;\">Selbstbehauptungstraining &#8222;Kinder st\u00e4rken&#8220;<br \/>\nEin altersgerechtes Training f\u00fcr mehr Selbstsicherheit f\u00fcr Kinder<\/span><\/strong><\/span><\/h3>\n<p><span style=\"font-family: helvetica, arial, sans-serif; font-size: 12pt;\"><span style=\"color: #000000;\"><strong><span style=\"color: #000000;\">Download-PDF Datei:<\/span> <a href=\"http:\/\/kon-tra.de\/wordpress\/wp-content\/uploads\/2021\/04\/Selbstbehauptungstraining-Kinder.pdf\"><span style=\"color: #000080;\">Selbstbehauptungstraining-Kinder<\/span><\/a><br \/>\n<\/strong><\/span><\/span><span style=\"color: #000000; font-family: helvetica, arial, sans-serif; font-size: 12pt;\"><strong>Download-PDF Datei: <a href=\"http:\/\/kon-tra.de\/wordpress\/wp-content\/uploads\/2025\/02\/Selbstbehauptung-Ich-Staerkung.pdf\"><span style=\"color: #000080;\">Selbstbehauptung Ich-St\u00e4rkung<\/span><\/a><\/strong><\/span><\/p>\n<p><span style=\"font-family: helvetica, arial, sans-serif; font-size: 12pt; color: #000000;\">Selbstbehauptung ist eine F\u00e4higkeit, sich in grenz\u00fcberschreitenden Situationen der eigenen Grenzen bewusst zu sein und diese deutlich machen zu k\u00f6nnen. <\/span><span style=\"font-family: helvetica, arial, sans-serif; font-size: 12pt; color: #000000;\">Das Selbstbehauptungstraining schult Kinder, wie man in grenz\u00fcberschreitenden Situationen konstruktiv und selbstsicher handeln kann, wie z.B. \u201eKLARE\u201c Grenzen\u201c zu setzen, \u201eSTOPP\u201c und \u201eNEIN\u201c sagen, mutig sagen: \u201eICH WILL DAS NICHT\u201c.<br \/>\n<\/span><span style=\"font-family: helvetica, arial, sans-serif; font-size: 12pt; color: #000000;\">In manchen Situationen m\u00fcssen wir sehr bestimmt auftreten, um nicht \u00fcbergangen oder ausgenutzt zu werden. Einige Kinder k\u00f6nnen das sehr gut, andere werden zu schnell aggressiv oder ziehen sich zur\u00fcck.<\/span><\/p>\n<p><span style=\"font-family: helvetica, arial, sans-serif; font-size: 12pt; color: #000000;\">Das Selbstbehauptungstraining vermittelt M\u00f6glichkeiten und Techniken, um im Alltag selbstsicherer auftreten zu k\u00f6nnen, klare Grenzen zu setzen, angemessen zu reagieren und zu handeln. Die Erfahrungen zeigen, dass bei fr\u00fchzeitigen Wahrnehmen und Einsetzen der Selbstbehauptungstechniken der Einsatz k\u00f6rperlicher Abwehrtechniken oft nicht mehr erforderlich ist.<br \/>\n<\/span><span style=\"font-family: helvetica, arial, sans-serif; font-size: 12pt; color: #000000;\">In dem Kurs werden Spiele und \u00dcbungen mit K\u00f6rper, Sprache, Mimik und Gestik, Interaktions-, Kooperations- und Kommunikationsspiele und \u00dcbungen integriert, um Handlungsalternativen in Konflikt- und Gewaltsituationen zu erproben.<\/span><u><\/u><\/p>\n<p><span style=\"font-family: helvetica, arial, sans-serif; font-size: 12pt;\"><strong><span style=\"color: #800000;\">Inhalte:<\/span><br \/>\n<\/strong><\/span><span style=\"font-family: helvetica, arial, sans-serif; font-size: 12pt;\"><strong><span style=\"color: #800000;\">\u2022<\/span> <\/strong><span style=\"color: #000000;\">K\u00f6rpersprache: Die Sprache der Angst oder die Selbstbewusste K\u00f6rpersprache.<\/span><br \/>\n<\/span><span style=\"font-family: helvetica, arial, sans-serif; font-size: 12pt;\"><span style=\"color: #800000;\"><strong>\u2022 <\/strong><\/span><span style=\"color: #000000;\">Tipps f\u00fcr die K\u00f6rpersprache! Worauf es ankommt?<\/span><br \/>\n<\/span><span style=\"font-family: helvetica, arial, sans-serif; font-size: 12pt;\"><span style=\"color: #800000;\"><strong>\u2022 <\/strong><\/span><span style=\"color: #000000;\">Effektive und uneffektive Verhaltensweisen.<\/span><br \/>\n<span style=\"color: #800000;\"><strong>\u2022 <\/strong><\/span><span style=\"color: #000000;\">In Konfliktsituationen &#8222;Wie verhalte ich mich richtig&#8220;.<\/span><br \/>\n<\/span><span style=\"font-family: helvetica, arial, sans-serif; font-size: 12pt;\"><span style=\"color: #800000;\"><strong>\u2022 <\/strong><\/span><span style=\"color: #000000;\">\u00dcbung des Umgangs mit Konfliktsituationen, z.B. Grenzen setzen lernen, gezieltes <\/span><\/span><span style=\"font-family: helvetica, arial, sans-serif; font-size: 12pt;\"><span style=\"color: #000000;\">Einsetzen von Stimme und K\u00f6rperhaltung, \u201eNein\u201c, \u201eStopp\u201c sagen.<\/span><br \/>\n<\/span><span style=\"font-family: helvetica, arial, sans-serif; font-size: 12pt;\"><strong><span style=\"color: #800000;\">\u2022<\/span> <\/strong><span style=\"color: #000000;\">Die Distanzschwelle \u201eWie sag ich es dem anderen, wenn er mir zu nahe kommt?<\/span><br \/>\n<\/span><span style=\"font-family: helvetica, arial, sans-serif; font-size: 12pt;\"><span style=\"color: #800000;\"><strong>\u2022<\/strong> <\/span><span style=\"color: #000000;\">Kommunikation: \u201eICH \/ DU Botschaften und was sie bewirken k\u00f6nnen.<\/span><br \/>\n<\/span><span style=\"font-family: helvetica, arial, sans-serif; font-size: 12pt;\"><span style=\"color: #800000;\"><strong>\u2022<\/strong> <\/span><span style=\"color: #000000;\">Schulung der Konzentration und der Reaktion.<\/span><br \/>\n<\/span><span style=\"font-family: helvetica, arial, sans-serif; font-size: 12pt;\"><strong><span style=\"color: #800000;\">\u2022<\/span> <\/strong><span style=\"color: #000000;\">Spiele und \u00dcbungen zur Selbstbehauptung, \u00dcbungen die \u201eSTARK und SELBSTBEWUSST\u201c machen.<\/span><br \/>\n<\/span><span style=\"font-family: helvetica, arial, sans-serif; font-size: 12pt;\"><strong><span style=\"color: #800000;\">\u2022<\/span> <\/strong><span style=\"color: #000000;\">Interaktions-, Kooperations- und Wahrnehmungs\u00fcbungen und Spiele f\u00fcr die <\/span><\/span><span style=\"font-family: helvetica, arial, sans-serif; font-size: 12pt; color: #000000;\">Selbstsicherheit und was sie bewirken k\u00f6nnen.<br \/>\n<span style=\"color: #800000;\"><strong>\u2022 <\/strong><\/span>M\u00f6glichkeiten sich zu sch\u00fctzen und sich zu wehren f\u00fcr den Notfall.<br \/>\n<\/span><\/p>\n<p><span style=\"font-family: helvetica, arial, sans-serif; font-size: 12pt;\"><b><span style=\"color: #800000;\">Pr\u00e4vention, Selbstbehauptung und Selbstverteidigung in Theorie und Praxis.<\/span><br \/>\n<\/b><span style=\"color: #000000;\">In Kursen, Seminaren und Weiterbildungen werden Rollenspiele mit K\u00f6rper, Sprache, Mimik und Gestik, Interaktions-, Kooperations- und Kommunikationsspiele und \u00dcbungen eingesetzt, um Handlungsalternativen zu erproben und zu schulen.<\/span><\/span><\/p>\n<p><span style=\"font-family: helvetica, arial, sans-serif; font-size: 12pt; color: #800000;\"><strong>Sie suchen:<\/strong><\/span><br \/>\n<span style=\"font-family: helvetica, arial, sans-serif; font-size: 12pt; color: #000000;\"><strong><span style=\"color: #800000;\">\u2022<\/span> <\/strong>ein Projekt oder ein Kurs f\u00fcr die Kinder in Ihrer KiTa, Schule, Einrichtung?<\/span><br \/>\n<span style=\"font-family: helvetica, arial, sans-serif; font-size: 12pt; color: #000000;\"><span style=\"color: #800000;\"><strong> \u2022 <\/strong><\/span>ein Projekt, einen Workshop oder eine Weiterbildung zur Schulung der Mitarbeiter, in Ihrer KiTa, Schule, Einrichtung?<br \/>\n<\/span><\/p>\n<p><span style=\"font-family: helvetica, arial, sans-serif; font-size: 12pt;\"><strong><span style=\"color: #800000;\">Gerne berate ich Sie pers\u00f6nlich.<\/span><br \/>\n<span style=\"color: #000000;\">Harald Hasen\u00f6hrl<\/span><\/strong><\/span><br \/>\n<span style=\"font-family: helvetica, arial, sans-serif; font-size: 12pt; color: #000000;\"><strong> Telefon: 06345- 9596855<\/strong><\/span><br \/>\n<span style=\"font-family: helvetica, arial, sans-serif; font-size: 12pt;\"><strong><span style=\"color: #000000;\"> Email:<\/span> <a href=\"mailto:info@kon-tra.de\"><span style=\"color: #800000;\"><span style=\"color: #000080;\">info@kon-tra.de<\/span><\/span><\/a><\/strong><\/span><\/p>\n<p>&nbsp;<\/p>\n<p>&nbsp;<\/p>\n","protected":false},"excerpt":{"rendered":"<p>Selbstbehauptungstraining &#8222;Kinder st\u00e4rken&#8220; Ein altersgerechtes Training f\u00fcr mehr Selbstsicherheit f\u00fcr Kinder Download-PDF Datei: Selbstbehauptungstraining-Kinder Download-PDF Datei: Selbstbehauptung Ich-St\u00e4rkung Selbstbehauptung ist eine F\u00e4higkeit, sich in grenz\u00fcberschreitenden Situationen der eigenen Grenzen bewusst zu sein und diese deutlich machen zu k\u00f6nnen. Das Selbstbehauptungstraining schult Kinder, wie man in grenz\u00fcberschreitenden Situationen konstruktiv und selbstsicher handeln kann, wie z.B. \u201eKLARE\u201c&#8230;<\/p>\n","protected":false},"author":1,"featured_media":1208,"parent":1511,"menu_order":1,"comment_status":"closed","ping_status":"open","template":"fullwidth.php","meta":[],"_links":{"self":[{"href":"http:\/\/kon-tra.de\/wordpress\/wp-json\/wp\/v2\/pages\/4"}],"collection":[{"href":"http:\/\/kon-tra.de\/wordpress\/wp-json\/wp\/v2\/pages"}],"about":[{"href":"http:\/\/kon-tra.de\/wordpress\/wp-json\/wp\/v2\/types\/page"}],"author":[{"embeddable":true,"href":"http:\/\/kon-tra.de\/wordpress\/wp-json\/wp\/v2\/users\/1"}],"replies":[{"embeddable":true,"href":"http:\/\/kon-tra.de\/wordpress\/wp-json\/wp\/v2\/comments?post=4"}],"version-history":[{"count":11,"href":"http:\/\/kon-tra.de\/wordpress\/wp-json\/wp\/v2\/pages\/4\/revisions"}],"predecessor-version":[{"id":2647,"href":"http:\/\/kon-tra.de\/wordpress\/wp-json\/wp\/v2\/pages\/4\/revisions\/2647"}],"up":[{"embeddable":true,"href":"http:\/\/kon-tra.de\/wordpress\/wp-json\/wp\/v2\/pages\/1511"}],"wp:featuredmedia":[{"embeddable":true,"href":"http:\/\/kon-tra.de\/wordpress\/wp-json\/wp\/v2\/media\/1208"}],"wp:attachment":[{"href":"http:\/\/kon-tra.de\/wordpress\/wp-json\/wp\/v2\/media?parent=4"}],"curies":[{"name":"wp","href":"https:\/\/api.w.org\/{rel}","templated":true}]}}